{"id":76198,"date":"2018-09-15T13:28:48","date_gmt":"2018-09-15T11:28:48","guid":{"rendered":"https:\/\/artlogic.biz\/pt\/?page_id=76198"},"modified":"2021-09-01T13:47:24","modified_gmt":"2021-09-01T11:47:24","slug":"news","status":"publish","type":"page","link":"https:\/\/artlogic.biz\/pt\/news\/","title":{"rendered":"Imprensa"},"content":{"rendered":"<div  class='av-alb-blogposts template-blog  av-blog-meta-author-disabled av-blog-meta-comments-disabled av-blog-meta-category-disabled av-blog-meta-html-info-disabled av-blog-meta-tag-disabled '  itemscope=\"itemscope\" itemtype=\"https:\/\/schema.org\/Blog\" ><article class=\"post-entry post-entry-type-standard post-entry-592344 post-loop-1 post-parity-odd single-big with-slider post-592344 post type-post status-publish format-standard has-post-thumbnail hentry category-artlogic-international-pt category-general-pt\"  itemscope=\"itemscope\" itemtype=\"https:\/\/schema.org\/BlogPosting\" ><div class=\"big-preview single-big\"  itemprop=\"image\" itemscope=\"itemscope\" itemtype=\"https:\/\/schema.org\/ImageObject\" ><a href=\"https:\/\/artlogic.biz\/pt\/kultursommer-2024-artlogic-apoia-grandes-festivais-culturais\/\"  title=\"Foto: Ruhrfestspiele\" ><img decoding=\"async\" loading=\"lazy\" width=\"1200\" height=\"630\" src=\"https:\/\/artlogic.biz\/wp-content\/uploads\/Sans-titre-22-1200x630.png\" class=\"wp-image-339043 avia-img-lazy-loading-339043 attachment-entry_with_sidebar size-entry_with_sidebar wp-post-image\" alt=\"Ruhrfestspiele\" srcset=\"https:\/\/artlogic.biz\/wp-content\/uploads\/Sans-titre-22.png 1200w, https:\/\/artlogic.biz\/wp-content\/uploads\/Sans-titre-22-300x158.png 300w, https:\/\/artlogic.biz\/wp-content\/uploads\/Sans-titre-22-1030x541.png 1030w, https:\/\/artlogic.biz\/wp-content\/uploads\/Sans-titre-22-80x42.png 80w, https:\/\/artlogic.biz\/wp-content\/uploads\/Sans-titre-22-705x370.png 705w\" sizes=\"auto, (max-width: 1200px) 100vw, 1200px\" \/><small class='avia-copyright'>Ruhrfestspiele\/Photo: Hans J\u00fcrgen Landes<\/small><\/a><\/div><div class=\"blog-meta\"><\/div><div class='entry-content-wrapper clearfix standard-content'><header class=\"entry-content-header\" aria-label=\"Post: Kultursommer 2024: artlogic apoia grandes festivais culturais\"><h2 class='post-title entry-title '  itemprop=\"headline\" ><a href=\"https:\/\/artlogic.biz\/pt\/kultursommer-2024-artlogic-apoia-grandes-festivais-culturais\/\" rel=\"bookmark\" title=\"Permanent Link: Kultursommer 2024: artlogic apoia grandes festivais culturais\">Kultursommer 2024: artlogic apoia grandes festivais culturais<span class=\"post-format-icon minor-meta\"><\/span><\/a><\/h2><span class=\"post-meta-infos\"><time class=\"date-container minor-meta updated\"  itemprop=\"datePublished\" datetime=\"2024-05-20T15:30:02+02:00\" >20. May 2024<\/time><\/span><\/header><div class=\"entry-content\"  itemprop=\"text\" ><p>Mais uma vez, estamos a apoiar dois dos maiores festivais culturais da Europa com v\u00e1rios equipamentos e espect\u00e1culos para dois clientes de longa data durante o ver\u00e3o. Tanto o &#8220;Ruhrfestspiele Recklinghausen&#8221; como o &#8220;Ruhrtriennale &#8211; Festival der K\u00fcnste&#8221; voltaram a confiar em n\u00f3s para apoiar as suas temporadas deste ano. O &#8220;Ruhrfestspiele&#8221; \u00e9 o festival [&hellip;]<\/p>\n<div class=\"read-more-link\"><a href=\"https:\/\/artlogic.biz\/pt\/kultursommer-2024-artlogic-apoia-grandes-festivais-culturais\/\" class=\"more-link\">Read more<span class=\"more-link-arrow\">  &rarr;<\/span><\/a><\/div>\n<\/div><footer class=\"entry-footer\"><\/footer><div class='post_delimiter'><\/div><\/div><div class=\"post_author_timeline\"><\/div><span class='hidden'>\n\t\t\t\t<span class='av-structured-data'  itemprop=\"image\" itemscope=\"itemscope\" itemtype=\"https:\/\/schema.org\/ImageObject\" >\n\t\t\t\t\t\t<span itemprop='url'>https:\/\/artlogic.biz\/wp-content\/uploads\/Sans-titre-22.png<\/span>\n\t\t\t\t\t\t<span itemprop='height'>630<\/span>\n\t\t\t\t\t\t<span itemprop='width'>1200<\/span>\n\t\t\t\t<\/span>\n\t\t\t\t<span class='av-structured-data'  itemprop=\"publisher\" itemtype=\"https:\/\/schema.org\/Organization\" itemscope=\"itemscope\" >\n\t\t\t\t\t\t<span itemprop='name'>maria.carrasco<\/span>\n\t\t\t\t\t\t<span itemprop='logo' itemscope itemtype='https:\/\/schema.org\/ImageObject'>\n\t\t\t\t\t\t\t<span itemprop='url'>https:\/\/artlogic.biz\/wp-content\/uploads\/logo2-1.png<\/span>\n\t\t\t\t\t\t<\/span>\n\t\t\t\t<\/span><span class='av-structured-data'  itemprop=\"author\" itemscope=\"itemscope\" itemtype=\"https:\/\/schema.org\/Person\" ><span itemprop='name'>maria.carrasco<\/span><\/span><span class='av-structured-data'  itemprop=\"datePublished\" datetime=\"2024-05-20T15:30:02+02:00\" >2024-05-20 15:30:02<\/span><span class='av-structured-data'  itemprop=\"dateModified\" itemtype=\"https:\/\/schema.org\/dateModified\" >2024-05-20 15:30:27<\/span><span class='av-structured-data'  itemprop=\"mainEntityOfPage\" itemtype=\"https:\/\/schema.org\/mainEntityOfPage\" ><span itemprop='name'>Kultursommer 2024: artlogic apoia grandes festivais culturais<\/span><\/span><\/span><\/article><article class=\"post-entry post-entry-type-standard post-entry-592266 post-loop-2 post-parity-even single-big with-slider post-592266 post type-post status-publish format-standard has-post-thumbnail hentry category-artlogic-international-pt category-general-pt\"  itemscope=\"itemscope\" itemtype=\"https:\/\/schema.org\/BlogPosting\" ><div class=\"big-preview single-big\"  itemprop=\"image\" itemscope=\"itemscope\" itemtype=\"https:\/\/schema.org\/ImageObject\" ><a href=\"https:\/\/artlogic.biz\/pt\/merel-kuilder-junta-se-a-artlogic-netherlands-como-gerente-de-filial\/\"  title=\"3\" ><img decoding=\"async\" loading=\"lazy\" width=\"1200\" height=\"630\" src=\"https:\/\/artlogic.biz\/wp-content\/uploads\/3-1-1200x630.png\" class=\"wp-image-571149 avia-img-lazy-loading-571149 attachment-entry_with_sidebar size-entry_with_sidebar wp-post-image\" alt=\"Merel Kuilder at artlogic\" srcset=\"https:\/\/artlogic.biz\/wp-content\/uploads\/3-1.png 1200w, https:\/\/artlogic.biz\/wp-content\/uploads\/3-1-300x158.png 300w, https:\/\/artlogic.biz\/wp-content\/uploads\/3-1-1030x541.png 1030w, https:\/\/artlogic.biz\/wp-content\/uploads\/3-1-80x42.png 80w, https:\/\/artlogic.biz\/wp-content\/uploads\/3-1-705x370.png 705w, https:\/\/artlogic.biz\/wp-content\/uploads\/3-1-150x79.png 150w\" sizes=\"auto, (max-width: 1200px) 100vw, 1200px\" \/><\/a><\/div><div class=\"blog-meta\"><\/div><div class='entry-content-wrapper clearfix standard-content'><header class=\"entry-content-header\" aria-label=\"Post: Merel Kuilder junta-se \u00e0 artlogic Netherlands como gerente de filial\"><h2 class='post-title entry-title '  itemprop=\"headline\" ><a href=\"https:\/\/artlogic.biz\/pt\/merel-kuilder-junta-se-a-artlogic-netherlands-como-gerente-de-filial\/\" rel=\"bookmark\" title=\"Permanent Link: Merel Kuilder junta-se \u00e0 artlogic Netherlands como gerente de filial\">Merel Kuilder junta-se \u00e0 artlogic Netherlands como gerente de filial<span class=\"post-format-icon minor-meta\"><\/span><\/a><\/h2><span class=\"post-meta-infos\"><time class=\"date-container minor-meta updated\"  itemprop=\"datePublished\" datetime=\"2024-05-14T09:12:10+02:00\" >14. May 2024<\/time><\/span><\/header><div class=\"entry-content\"  itemprop=\"text\" ><p>No rescaldo da pandemia, a artlogic concentrou-se no crescimento nos Pa\u00edses Baixos. A contrata\u00e7\u00e3o de Merel Kuilder \u00e9 importante para a artlogic, uma vez que a empresa orienta estrategicamente os seus esfor\u00e7os para a expans\u00e3o nos Pa\u00edses Baixos, no meio dos desafios colocados pela pandemia global. Com uma vasta experi\u00eancia e paix\u00e3o pela ind\u00fastria dos [&hellip;]<\/p>\n<div class=\"read-more-link\"><a href=\"https:\/\/artlogic.biz\/pt\/merel-kuilder-junta-se-a-artlogic-netherlands-como-gerente-de-filial\/\" class=\"more-link\">Read more<span class=\"more-link-arrow\">  &rarr;<\/span><\/a><\/div>\n<\/div><footer class=\"entry-footer\"><\/footer><div class='post_delimiter'><\/div><\/div><div class=\"post_author_timeline\"><\/div><span class='hidden'>\n\t\t\t\t<span class='av-structured-data'  itemprop=\"image\" itemscope=\"itemscope\" itemtype=\"https:\/\/schema.org\/ImageObject\" >\n\t\t\t\t\t\t<span itemprop='url'>https:\/\/artlogic.biz\/wp-content\/uploads\/3-1.png<\/span>\n\t\t\t\t\t\t<span itemprop='height'>630<\/span>\n\t\t\t\t\t\t<span itemprop='width'>1200<\/span>\n\t\t\t\t<\/span>\n\t\t\t\t<span class='av-structured-data'  itemprop=\"publisher\" itemtype=\"https:\/\/schema.org\/Organization\" itemscope=\"itemscope\" >\n\t\t\t\t\t\t<span itemprop='name'>maria.carrasco<\/span>\n\t\t\t\t\t\t<span itemprop='logo' itemscope itemtype='https:\/\/schema.org\/ImageObject'>\n\t\t\t\t\t\t\t<span itemprop='url'>https:\/\/artlogic.biz\/wp-content\/uploads\/logo2-1.png<\/span>\n\t\t\t\t\t\t<\/span>\n\t\t\t\t<\/span><span class='av-structured-data'  itemprop=\"author\" itemscope=\"itemscope\" itemtype=\"https:\/\/schema.org\/Person\" ><span itemprop='name'>maria.carrasco<\/span><\/span><span class='av-structured-data'  itemprop=\"datePublished\" datetime=\"2024-05-14T09:12:10+02:00\" >2024-05-14 09:12:10<\/span><span class='av-structured-data'  itemprop=\"dateModified\" itemtype=\"https:\/\/schema.org\/dateModified\" >2024-05-14 09:13:32<\/span><span class='av-structured-data'  itemprop=\"mainEntityOfPage\" itemtype=\"https:\/\/schema.org\/mainEntityOfPage\" ><span itemprop='name'>Merel Kuilder junta-se \u00e0 artlogic Netherlands como gerente de filial<\/span><\/span><\/span><\/article><article class=\"post-entry post-entry-type-standard post-entry-577502 post-loop-3 post-parity-odd single-big with-slider post-577502 post type-post status-publish format-standard has-post-thumbnail hentry category-artlogic-international-pt category-artlogic-pressrelease-pt category-general-pt\"  itemscope=\"itemscope\" itemtype=\"https:\/\/schema.org\/BlogPosting\" ><div class=\"big-preview single-big\"  itemprop=\"image\" itemscope=\"itemscope\" itemtype=\"https:\/\/schema.org\/ImageObject\" ><a href=\"https:\/\/artlogic.biz\/pt\/artlogic-holanda-assume-o-negocio-de-equipe-da-eventcare\/\"  title=\"Design ohne Titel (12)\" ><img decoding=\"async\" loading=\"lazy\" width=\"1080\" height=\"630\" src=\"https:\/\/artlogic.biz\/wp-content\/uploads\/Design-ohne-Titel-12-1080x630.png\" class=\"wp-image-563299 avia-img-lazy-loading-563299 attachment-entry_with_sidebar size-entry_with_sidebar wp-post-image\" alt=\"\" \/><\/a><\/div><div class=\"blog-meta\"><\/div><div class='entry-content-wrapper clearfix standard-content'><header class=\"entry-content-header\" aria-label=\"Post: artlogic Holanda assume o neg\u00f3cio de equipe da Eventcare.\"><h2 class='post-title entry-title '  itemprop=\"headline\" ><a href=\"https:\/\/artlogic.biz\/pt\/artlogic-holanda-assume-o-negocio-de-equipe-da-eventcare\/\" rel=\"bookmark\" title=\"Permanent Link: artlogic Holanda assume o neg\u00f3cio de equipe da Eventcare.\">artlogic Holanda assume o neg\u00f3cio de equipe da Eventcare.<span class=\"post-format-icon minor-meta\"><\/span><\/a><\/h2><span class=\"post-meta-infos\"><time class=\"date-container minor-meta updated\"  itemprop=\"datePublished\" datetime=\"2024-04-05T12:49:59+02:00\" >5. April 2024<\/time><\/span><\/header><div class=\"entry-content\"  itemprop=\"text\" ><p>Staffpool B.V. (artlogic) tem o prazer de anunciar sua parceria estrat\u00e9gica com Eventcare Crew B.V.<\/p>\n<div class=\"read-more-link\"><a href=\"https:\/\/artlogic.biz\/pt\/artlogic-holanda-assume-o-negocio-de-equipe-da-eventcare\/\" class=\"more-link\">Read more<span class=\"more-link-arrow\">  &rarr;<\/span><\/a><\/div>\n<\/div><footer class=\"entry-footer\"><\/footer><div class='post_delimiter'><\/div><\/div><div class=\"post_author_timeline\"><\/div><span class='hidden'>\n\t\t\t\t<span class='av-structured-data'  itemprop=\"image\" itemscope=\"itemscope\" itemtype=\"https:\/\/schema.org\/ImageObject\" >\n\t\t\t\t\t\t<span itemprop='url'>https:\/\/artlogic.biz\/wp-content\/uploads\/Design-ohne-Titel-12.png<\/span>\n\t\t\t\t\t\t<span itemprop='height'>1080<\/span>\n\t\t\t\t\t\t<span itemprop='width'>1080<\/span>\n\t\t\t\t<\/span>\n\t\t\t\t<span class='av-structured-data'  itemprop=\"publisher\" itemtype=\"https:\/\/schema.org\/Organization\" itemscope=\"itemscope\" >\n\t\t\t\t\t\t<span itemprop='name'>Niklas<\/span>\n\t\t\t\t\t\t<span itemprop='logo' itemscope itemtype='https:\/\/schema.org\/ImageObject'>\n\t\t\t\t\t\t\t<span itemprop='url'>https:\/\/artlogic.biz\/wp-content\/uploads\/logo2-1.png<\/span>\n\t\t\t\t\t\t<\/span>\n\t\t\t\t<\/span><span class='av-structured-data'  itemprop=\"author\" itemscope=\"itemscope\" itemtype=\"https:\/\/schema.org\/Person\" ><span itemprop='name'>Niklas<\/span><\/span><span class='av-structured-data'  itemprop=\"datePublished\" datetime=\"2024-04-05T12:49:59+02:00\" >2024-04-05 12:49:59<\/span><span class='av-structured-data'  itemprop=\"dateModified\" itemtype=\"https:\/\/schema.org\/dateModified\" >2024-05-14 09:13:21<\/span><span class='av-structured-data'  itemprop=\"mainEntityOfPage\" itemtype=\"https:\/\/schema.org\/mainEntityOfPage\" ><span itemprop='name'>artlogic Holanda assume o neg\u00f3cio de equipe da Eventcare.<\/span><\/span><\/span><\/article><article class=\"post-entry post-entry-type-standard post-entry-543045 post-loop-4 post-parity-even post-entry-last single-big with-slider post-543045 post type-post status-publish format-standard has-post-thumbnail hentry category-general-pt\"  itemscope=\"itemscope\" itemtype=\"https:\/\/schema.org\/BlogPosting\" ><div class=\"big-preview single-big\"  itemprop=\"image\" itemscope=\"itemscope\" itemtype=\"https:\/\/schema.org\/ImageObject\" ><a href=\"https:\/\/artlogic.biz\/pt\/a-artlogic-deseja-lhe-um-feliz-natal-e-um-prospero-ano-novo\/\"  title=\"Merry Christmas and Happy New Year!\" ><img decoding=\"async\" loading=\"lazy\" width=\"1200\" height=\"630\" src=\"https:\/\/artlogic.biz\/wp-content\/uploads\/artlogic-christmas-card-2023-1200x630.png\" class=\"wp-image-542632 avia-img-lazy-loading-542632 attachment-entry_with_sidebar size-entry_with_sidebar wp-post-image\" alt=\"Merry Christmas and Happy New Year!\" srcset=\"https:\/\/artlogic.biz\/wp-content\/uploads\/artlogic-christmas-card-2023.png 1200w, https:\/\/artlogic.biz\/wp-content\/uploads\/artlogic-christmas-card-2023-300x158.png 300w, https:\/\/artlogic.biz\/wp-content\/uploads\/artlogic-christmas-card-2023-1030x541.png 1030w, https:\/\/artlogic.biz\/wp-content\/uploads\/artlogic-christmas-card-2023-80x42.png 80w, https:\/\/artlogic.biz\/wp-content\/uploads\/artlogic-christmas-card-2023-705x370.png 705w, https:\/\/artlogic.biz\/wp-content\/uploads\/artlogic-christmas-card-2023-150x79.png 150w\" sizes=\"auto, (max-width: 1200px) 100vw, 1200px\" \/><\/a><\/div><div class=\"blog-meta\"><\/div><div class='entry-content-wrapper clearfix standard-content'><header class=\"entry-content-header\" aria-label=\"Post: A artlogic deseja-lhe um Feliz Natal e um Pr\u00f3spero Ano Novo!\"><h2 class='post-title entry-title '  itemprop=\"headline\" ><a href=\"https:\/\/artlogic.biz\/pt\/a-artlogic-deseja-lhe-um-feliz-natal-e-um-prospero-ano-novo\/\" rel=\"bookmark\" title=\"Permanent Link: A artlogic deseja-lhe um Feliz Natal e um Pr\u00f3spero Ano Novo!\">A artlogic deseja-lhe um Feliz Natal e um Pr\u00f3spero Ano Novo!<span class=\"post-format-icon minor-meta\"><\/span><\/a><\/h2><span class=\"post-meta-infos\"><time class=\"date-container minor-meta updated\"  itemprop=\"datePublished\" datetime=\"2023-12-18T12:38:13+01:00\" >18. December 2023<\/time><\/span><\/header><div class=\"entry-content\"  itemprop=\"text\" ><div class=\"read-more-link\"><a href=\"https:\/\/artlogic.biz\/pt\/a-artlogic-deseja-lhe-um-feliz-natal-e-um-prospero-ano-novo\/\" class=\"more-link\">Read more<span class=\"more-link-arrow\">  &rarr;<\/span><\/a><\/div>\n<\/div><footer class=\"entry-footer\"><\/footer><div class='post_delimiter'><\/div><\/div><div class=\"post_author_timeline\"><\/div><span class='hidden'>\n\t\t\t\t<span class='av-structured-data'  itemprop=\"image\" itemscope=\"itemscope\" itemtype=\"https:\/\/schema.org\/ImageObject\" >\n\t\t\t\t\t\t<span itemprop='url'>https:\/\/artlogic.biz\/wp-content\/uploads\/artlogic-christmas-card-2023.png<\/span>\n\t\t\t\t\t\t<span itemprop='height'>630<\/span>\n\t\t\t\t\t\t<span itemprop='width'>1200<\/span>\n\t\t\t\t<\/span>\n\t\t\t\t<span class='av-structured-data'  itemprop=\"publisher\" itemtype=\"https:\/\/schema.org\/Organization\" itemscope=\"itemscope\" >\n\t\t\t\t\t\t<span itemprop='name'>maria.carrasco<\/span>\n\t\t\t\t\t\t<span itemprop='logo' itemscope itemtype='https:\/\/schema.org\/ImageObject'>\n\t\t\t\t\t\t\t<span itemprop='url'>https:\/\/artlogic.biz\/wp-content\/uploads\/logo2-1.png<\/span>\n\t\t\t\t\t\t<\/span>\n\t\t\t\t<\/span><span class='av-structured-data'  itemprop=\"author\" itemscope=\"itemscope\" itemtype=\"https:\/\/schema.org\/Person\" ><span itemprop='name'>maria.carrasco<\/span><\/span><span class='av-structured-data'  itemprop=\"datePublished\" datetime=\"2023-12-18T12:38:13+01:00\" >2023-12-18 12:38:13<\/span><span class='av-structured-data'  itemprop=\"dateModified\" itemtype=\"https:\/\/schema.org\/dateModified\" >2023-12-18 12:38:13<\/span><span class='av-structured-data'  itemprop=\"mainEntityOfPage\" itemtype=\"https:\/\/schema.org\/mainEntityOfPage\" ><span itemprop='name'>A artlogic deseja-lhe um Feliz Natal e um Pr\u00f3spero Ano Novo!<\/span><\/span><\/span><\/article><div class='single-big'><\/div><\/div>\n","protected":false},"excerpt":{"rendered":"","protected":false},"author":1,"featured_media":0,"parent":0,"menu_order":0,"comment_status":"closed","ping_status":"closed","template":"","meta":{"footnotes":""},"class_list":["post-76198","page","type-page","status-publish","hentry"],"yoast_head":"<!-- This site is optimized with the Yoast SEO plugin v25.7 - https:\/\/yoast.com\/wordpress\/plugins\/seo\/ -->\n<title>Imprensa - artlogic<\/title>\n<meta name=\"robots\" content=\"index, follow, max-snippet:-1, max-image-preview:large, max-video-preview:-1\" \/>\n<link rel=\"canonical\" href=\"https:\/\/artlogic.biz\/pt\/news\/\" \/>\n<meta property=\"og:locale\" content=\"pt_PT\" \/>\n<meta property=\"og:type\" content=\"article\" \/>\n<meta property=\"og:title\" content=\"Imprensa - artlogic\" \/>\n<meta property=\"og:url\" content=\"https:\/\/artlogic.biz\/pt\/news\/\" \/>\n<meta property=\"og:site_name\" content=\"artlogic\" \/>\n<meta property=\"article:modified_time\" content=\"2021-09-01T11:47:24+00:00\" \/>\n<meta name=\"twitter:card\" content=\"summary_large_image\" \/>\n<script type=\"application\/ld+json\" class=\"yoast-schema-graph\">{\"@context\":\"https:\/\/schema.org\",\"@graph\":[{\"@type\":\"WebPage\",\"@id\":\"https:\/\/artlogic.biz\/pt\/news\/\",\"url\":\"https:\/\/artlogic.biz\/pt\/news\/\",\"name\":\"Imprensa - artlogic\",\"isPartOf\":{\"@id\":\"https:\/\/artlogic.biz\/pt\/#website\"},\"datePublished\":\"2018-09-15T11:28:48+00:00\",\"dateModified\":\"2021-09-01T11:47:24+00:00\",\"breadcrumb\":{\"@id\":\"https:\/\/artlogic.biz\/pt\/news\/#breadcrumb\"},\"inLanguage\":\"pt\",\"potentialAction\":[{\"@type\":\"ReadAction\",\"target\":[\"https:\/\/artlogic.biz\/pt\/news\/\"]}]},{\"@type\":\"BreadcrumbList\",\"@id\":\"https:\/\/artlogic.biz\/pt\/news\/#breadcrumb\",\"itemListElement\":[{\"@type\":\"ListItem\",\"position\":1,\"name\":\"Home\",\"item\":\"https:\/\/artlogic.biz\/pt\/\"},{\"@type\":\"ListItem\",\"position\":2,\"name\":\"Imprensa\"}]},{\"@type\":\"WebSite\",\"@id\":\"https:\/\/artlogic.biz\/pt\/#website\",\"url\":\"https:\/\/artlogic.biz\/pt\/\",\"name\":\"artlogic\",\"description\":\"\",\"potentialAction\":[{\"@type\":\"SearchAction\",\"target\":{\"@type\":\"EntryPoint\",\"urlTemplate\":\"https:\/\/artlogic.biz\/pt\/?s={search_term_string}\"},\"query-input\":{\"@type\":\"PropertyValueSpecification\",\"valueRequired\":true,\"valueName\":\"search_term_string\"}}],\"inLanguage\":\"pt\"}]}<\/script>\n<!-- \/ Yoast SEO plugin. -->","yoast_head_json":{"title":"Imprensa - artlogic","robots":{"index":"index","follow":"follow","max-snippet":"max-snippet:-1","max-image-preview":"max-image-preview:large","max-video-preview":"max-video-preview:-1"},"canonical":"https:\/\/artlogic.biz\/pt\/news\/","og_locale":"pt_PT","og_type":"article","og_title":"Imprensa - artlogic","og_url":"https:\/\/artlogic.biz\/pt\/news\/","og_site_name":"artlogic","article_modified_time":"2021-09-01T11:47:24+00:00","twitter_card":"summary_large_image","schema":{"@context":"https:\/\/schema.org","@graph":[{"@type":"WebPage","@id":"https:\/\/artlogic.biz\/pt\/news\/","url":"https:\/\/artlogic.biz\/pt\/news\/","name":"Imprensa - artlogic","isPartOf":{"@id":"https:\/\/artlogic.biz\/pt\/#website"},"datePublished":"2018-09-15T11:28:48+00:00","dateModified":"2021-09-01T11:47:24+00:00","breadcrumb":{"@id":"https:\/\/artlogic.biz\/pt\/news\/#breadcrumb"},"inLanguage":"pt","potentialAction":[{"@type":"ReadAction","target":["https:\/\/artlogic.biz\/pt\/news\/"]}]},{"@type":"BreadcrumbList","@id":"https:\/\/artlogic.biz\/pt\/news\/#breadcrumb","itemListElement":[{"@type":"ListItem","position":1,"name":"Home","item":"https:\/\/artlogic.biz\/pt\/"},{"@type":"ListItem","position":2,"name":"Imprensa"}]},{"@type":"WebSite","@id":"https:\/\/artlogic.biz\/pt\/#website","url":"https:\/\/artlogic.biz\/pt\/","name":"artlogic","description":"","potentialAction":[{"@type":"SearchAction","target":{"@type":"EntryPoint","urlTemplate":"https:\/\/artlogic.biz\/pt\/?s={search_term_string}"},"query-input":{"@type":"PropertyValueSpecification","valueRequired":true,"valueName":"search_term_string"}}],"inLanguage":"pt"}]}},"_links":{"self":[{"href":"https:\/\/artlogic.biz\/pt\/wp-json\/wp\/v2\/pages\/76198","targetHints":{"allow":["GET"]}}],"collection":[{"href":"https:\/\/artlogic.biz\/pt\/wp-json\/wp\/v2\/pages"}],"about":[{"href":"https:\/\/artlogic.biz\/pt\/wp-json\/wp\/v2\/types\/page"}],"author":[{"embeddable":true,"href":"https:\/\/artlogic.biz\/pt\/wp-json\/wp\/v2\/users\/1"}],"replies":[{"embeddable":true,"href":"https:\/\/artlogic.biz\/pt\/wp-json\/wp\/v2\/comments?post=76198"}],"version-history":[{"count":6,"href":"https:\/\/artlogic.biz\/pt\/wp-json\/wp\/v2\/pages\/76198\/revisions"}],"predecessor-version":[{"id":271072,"href":"https:\/\/artlogic.biz\/pt\/wp-json\/wp\/v2\/pages\/76198\/revisions\/271072"}],"wp:attachment":[{"href":"https:\/\/artlogic.biz\/pt\/wp-json\/wp\/v2\/media?parent=76198"}],"curies":[{"name":"wp","href":"https:\/\/api.w.org\/{rel}","templated":true}]}}