{"id":76182,"date":"2018-09-14T23:01:45","date_gmt":"2018-09-14T21:01:45","guid":{"rendered":"https:\/\/artlogic.biz\/pt\/?page_id=76182"},"modified":"2021-12-23T16:32:10","modified_gmt":"2021-12-23T15:32:10","slug":"impressao","status":"publish","type":"page","link":"https:\/\/artlogic.biz\/pt\/impressao\/","title":{"rendered":"Impress\u00e3o"},"content":{"rendered":"<div id='av_section_1'  class='avia-section av-2hkevna-a65a9c9b99caaeca0c7e2d1d62b67667 main_color avia-section-large avia-no-border-styling  avia-builder-el-0  avia-builder-el-no-sibling  avia-bg-style-scroll container_wrap sidebar_right'  ><div class='container av-section-cont-open' ><main  role=\"main\" itemprop=\"mainContentOfPage\"  class='template-page content  av-content-small alpha units'><div class='post-entry post-entry-type-page post-entry-76182'><div class='entry-content-wrapper clearfix'>\n<section  class='av_textblock_section av-kfp4jaf9-cdeceb7e38b25145fb512216fefd5736 '   itemscope=\"itemscope\" itemtype=\"https:\/\/schema.org\/CreativeWork\" ><div class='avia_textblock'  itemprop=\"text\" ><h1 id=\"tw-target-text\" class=\"tw-data-text tw-text-large tw-ta\" dir=\"ltr\" style=\"text-align: center;\" data-placeholder=\"Translation\">I<b>mpress\u00e3o<\/b><\/h1>\n<\/div><\/section>\n\n<style type=\"text\/css\" data-created_by=\"avia_inline_auto\" id=\"style-css-av-23eeyuu-1b72d3195b8667a195dec56473a0d88f\">\n.flex_column.av-23eeyuu-1b72d3195b8667a195dec56473a0d88f{\nborder-radius:0px 0px 0px 0px;\npadding:0px 0px 0px 0px;\n}\n<\/style>\n<div  class='flex_column av-23eeyuu-1b72d3195b8667a195dec56473a0d88f av_one_half  avia-builder-el-2  el_after_av_textblock  el_before_av_one_half  first flex_column_div av-zero-column-padding  column-top-margin'     ><section  class='av_textblock_section av-1t5p7x2-df0178592492b05b1de1600cd7eb722e '   itemscope=\"itemscope\" itemtype=\"https:\/\/schema.org\/CreativeWork\" ><div class='avia_textblock'  itemprop=\"text\" ><p>Tel: +351 220 280 005<\/p>\n<p>e-mail: <a href=\"pt.accounting@artlogic.biz\">pt.accounting@artlogic.biz<\/a><\/p>\n<p id=\"tw-target-text\" class=\"tw-data-text tw-text-large tw-ta\" dir=\"ltr\" data-placeholder=\"Translation\"><span lang=\"pt\" tabindex=\"0\">Sede da empresa Crewpool Lda,\u00a0 Rua Boa Nova 151 RET-A<br \/>\n4050-101 Porto &#8211; Portugal <\/span><\/p>\n<p class=\"tw-data-text tw-text-large tw-ta\" dir=\"ltr\" data-placeholder=\"Translation\"><span lang=\"pt\" tabindex=\"0\">Diretor Gerente: Jose Barrios<\/span><\/p>\n<p dir=\"ltr\" data-placeholder=\"Translation\"><span style=\"font-weight: 400;\">N\u00famero de matr\u00edcula<\/span>: 515057347<\/p>\n<p dir=\"ltr\" data-placeholder=\"Translation\"><span style=\"font-weight: 400;\">N\u00famero<\/span> de <span style=\"font-weight: 400;\">identifica\u00e7\u00e3o<\/span> IVA: PT515057347<\/p>\n<\/div><\/section><\/div>\n<style type=\"text\/css\" data-created_by=\"avia_inline_auto\" id=\"style-css-av-1a59avq-663bee350858e6fbfe94116860ce063f\">\n.flex_column.av-1a59avq-663bee350858e6fbfe94116860ce063f{\nborder-radius:0px 0px 0px 0px;\npadding:0px 0px 0px 0px;\n}\n<\/style>\n<div  class='flex_column av-1a59avq-663bee350858e6fbfe94116860ce063f av_one_half  avia-builder-el-4  el_after_av_one_half  avia-builder-el-last  flex_column_div av-zero-column-padding  column-top-margin'     ><section  class='av_textblock_section av-v00j2u-e4c2e6e9fc6aa1203cac0e7f6eb4d150 '   itemscope=\"itemscope\" itemtype=\"https:\/\/schema.org\/CreativeWork\" ><div class='avia_textblock'  itemprop=\"text\" ><p><strong><span lang=\"pt\" tabindex=\"0\" spellcheck=\"false\" data-gramm=\"false\">Conta banc\u00e1ria BANCO BILBAO VIZCAYA ARGENTARIA S.A.<\/span><\/strong><\/p>\n<p class=\"tw-data-text tw-text-large tw-ta\" dir=\"ltr\" data-placeholder=\"Translation\"><span lang=\"pt\" tabindex=\"0\" spellcheck=\"false\" data-gramm=\"false\">IBAN: ES7001821350840201714855<br \/>\n<\/span>Swift: BBVAESMMXXX<\/p>\n<p class=\"tw-data-text tw-text-large tw-ta\" dir=\"ltr\" data-placeholder=\"Translation\"><span lang=\"pt\" tabindex=\"0\" spellcheck=\"false\" data-gramm=\"false\">Aviso de responsabilidade Apesar do controle cuidadoso, n\u00e3o assumimos nenhuma responsabilidade pelo conte\u00fado de links externos.<br \/>\nSomos os \u00fanicos respons\u00e1veis pelo conte\u00fado das p\u00e1ginas vinculadas. <\/span><\/p>\n<p class=\"tw-data-text tw-text-large tw-ta\" dir=\"ltr\" data-placeholder=\"Translation\"><span lang=\"pt\" tabindex=\"0\" spellcheck=\"false\" data-gramm=\"false\">Termos de servi\u00e7o Nossos termos e condi\u00e7\u00f5es podem ser encontrados aqui: Termos e condi\u00e7\u00f5es gerais do contrato em pdf para download, data 01.08.2007.<\/span><\/p>\n<\/div><\/section><\/div><\/div><\/div><\/main><!-- close content main element --><\/div><\/div><div id='after_section_1'  class='main_color av_default_container_wrap container_wrap sidebar_right'  ><div class='container av-section-cont-open' ><div class='template-page content  av-content-small alpha units'><div class='post-entry post-entry-type-page post-entry-76182'><div class='entry-content-wrapper clearfix'>\n","protected":false},"excerpt":{"rendered":"","protected":false},"author":1,"featured_media":0,"parent":0,"menu_order":0,"comment_status":"closed","ping_status":"closed","template":"","meta":{"footnotes":""},"class_list":["post-76182","page","type-page","status-publish","hentry"],"yoast_head":"<!-- This site is optimized with the Yoast SEO plugin v25.7 - https:\/\/yoast.com\/wordpress\/plugins\/seo\/ -->\n<title>Impress\u00e3o - artlogic<\/title>\n<meta name=\"robots\" content=\"noindex, follow\" \/>\n<meta property=\"og:locale\" content=\"pt_PT\" \/>\n<meta property=\"og:type\" content=\"article\" \/>\n<meta property=\"og:title\" content=\"Impress\u00e3o - artlogic\" \/>\n<meta property=\"og:url\" content=\"https:\/\/artlogic.biz\/pt\/impressao\/\" \/>\n<meta property=\"og:site_name\" content=\"artlogic\" \/>\n<meta property=\"article:modified_time\" content=\"2021-12-23T15:32:10+00:00\" \/>\n<meta name=\"twitter:card\" content=\"summary_large_image\" \/>\n<meta name=\"twitter:label1\" content=\"Est. reading time\" \/>\n\t<meta name=\"twitter:data1\" content=\"2 minutes\" \/>\n<script type=\"application\/ld+json\" class=\"yoast-schema-graph\">{\"@context\":\"https:\/\/schema.org\",\"@graph\":[{\"@type\":\"WebPage\",\"@id\":\"https:\/\/artlogic.biz\/pt\/impressao\/\",\"url\":\"https:\/\/artlogic.biz\/pt\/impressao\/\",\"name\":\"Impress\u00e3o - artlogic\",\"isPartOf\":{\"@id\":\"https:\/\/artlogic.biz\/pt\/#website\"},\"datePublished\":\"2018-09-14T21:01:45+00:00\",\"dateModified\":\"2021-12-23T15:32:10+00:00\",\"breadcrumb\":{\"@id\":\"https:\/\/artlogic.biz\/pt\/impressao\/#breadcrumb\"},\"inLanguage\":\"pt\",\"potentialAction\":[{\"@type\":\"ReadAction\",\"target\":[\"https:\/\/artlogic.biz\/pt\/impressao\/\"]}]},{\"@type\":\"BreadcrumbList\",\"@id\":\"https:\/\/artlogic.biz\/pt\/impressao\/#breadcrumb\",\"itemListElement\":[{\"@type\":\"ListItem\",\"position\":1,\"name\":\"Home\",\"item\":\"https:\/\/artlogic.biz\/pt\/\"},{\"@type\":\"ListItem\",\"position\":2,\"name\":\"Impress\u00e3o\"}]},{\"@type\":\"WebSite\",\"@id\":\"https:\/\/artlogic.biz\/pt\/#website\",\"url\":\"https:\/\/artlogic.biz\/pt\/\",\"name\":\"artlogic\",\"description\":\"\",\"potentialAction\":[{\"@type\":\"SearchAction\",\"target\":{\"@type\":\"EntryPoint\",\"urlTemplate\":\"https:\/\/artlogic.biz\/pt\/?s={search_term_string}\"},\"query-input\":{\"@type\":\"PropertyValueSpecification\",\"valueRequired\":true,\"valueName\":\"search_term_string\"}}],\"inLanguage\":\"pt\"}]}<\/script>\n<!-- \/ Yoast SEO plugin. -->","yoast_head_json":{"title":"Impress\u00e3o - artlogic","robots":{"index":"noindex","follow":"follow"},"og_locale":"pt_PT","og_type":"article","og_title":"Impress\u00e3o - artlogic","og_url":"https:\/\/artlogic.biz\/pt\/impressao\/","og_site_name":"artlogic","article_modified_time":"2021-12-23T15:32:10+00:00","twitter_card":"summary_large_image","twitter_misc":{"Est. reading time":"2 minutes"},"schema":{"@context":"https:\/\/schema.org","@graph":[{"@type":"WebPage","@id":"https:\/\/artlogic.biz\/pt\/impressao\/","url":"https:\/\/artlogic.biz\/pt\/impressao\/","name":"Impress\u00e3o - artlogic","isPartOf":{"@id":"https:\/\/artlogic.biz\/pt\/#website"},"datePublished":"2018-09-14T21:01:45+00:00","dateModified":"2021-12-23T15:32:10+00:00","breadcrumb":{"@id":"https:\/\/artlogic.biz\/pt\/impressao\/#breadcrumb"},"inLanguage":"pt","potentialAction":[{"@type":"ReadAction","target":["https:\/\/artlogic.biz\/pt\/impressao\/"]}]},{"@type":"BreadcrumbList","@id":"https:\/\/artlogic.biz\/pt\/impressao\/#breadcrumb","itemListElement":[{"@type":"ListItem","position":1,"name":"Home","item":"https:\/\/artlogic.biz\/pt\/"},{"@type":"ListItem","position":2,"name":"Impress\u00e3o"}]},{"@type":"WebSite","@id":"https:\/\/artlogic.biz\/pt\/#website","url":"https:\/\/artlogic.biz\/pt\/","name":"artlogic","description":"","potentialAction":[{"@type":"SearchAction","target":{"@type":"EntryPoint","urlTemplate":"https:\/\/artlogic.biz\/pt\/?s={search_term_string}"},"query-input":{"@type":"PropertyValueSpecification","valueRequired":true,"valueName":"search_term_string"}}],"inLanguage":"pt"}]}},"_links":{"self":[{"href":"https:\/\/artlogic.biz\/pt\/wp-json\/wp\/v2\/pages\/76182","targetHints":{"allow":["GET"]}}],"collection":[{"href":"https:\/\/artlogic.biz\/pt\/wp-json\/wp\/v2\/pages"}],"about":[{"href":"https:\/\/artlogic.biz\/pt\/wp-json\/wp\/v2\/types\/page"}],"author":[{"embeddable":true,"href":"https:\/\/artlogic.biz\/pt\/wp-json\/wp\/v2\/users\/1"}],"replies":[{"embeddable":true,"href":"https:\/\/artlogic.biz\/pt\/wp-json\/wp\/v2\/comments?post=76182"}],"version-history":[{"count":10,"href":"https:\/\/artlogic.biz\/pt\/wp-json\/wp\/v2\/pages\/76182\/revisions"}],"predecessor-version":[{"id":297660,"href":"https:\/\/artlogic.biz\/pt\/wp-json\/wp\/v2\/pages\/76182\/revisions\/297660"}],"wp:attachment":[{"href":"https:\/\/artlogic.biz\/pt\/wp-json\/wp\/v2\/media?parent=76182"}],"curies":[{"name":"wp","href":"https:\/\/api.w.org\/{rel}","templated":true}]}}