{"id":157039,"date":"2020-06-30T12:52:58","date_gmt":"2020-06-30T10:52:58","guid":{"rendered":"https:\/\/artlogic.biz\/fr\/?page_id=157039"},"modified":"2021-04-14T17:14:25","modified_gmt":"2021-04-14T15:14:25","slug":"colophon","status":"publish","type":"page","link":"https:\/\/artlogic.biz\/fr\/colophon\/","title":{"rendered":"Mentions l\u00e9gales"},"content":{"rendered":"<div id='av_section_1'  class='avia-section av-ol3x9v3-ea089505ec2ddf3cac4ddc62fa44fa7e main_color avia-section-large avia-no-border-styling  avia-builder-el-0  avia-builder-el-no-sibling  avia-bg-style-scroll container_wrap sidebar_right'  ><div class='container av-section-cont-open' ><main  role=\"main\" itemprop=\"mainContentOfPage\"  class='template-page content  av-content-small alpha units'><div class='post-entry post-entry-type-page post-entry-157039'><div class='entry-content-wrapper clearfix'>\n<section  class='av_textblock_section av-mk6x3ov-c29de628f82573a453a81082b714a211 '   itemscope=\"itemscope\" itemtype=\"https:\/\/schema.org\/CreativeWork\" ><div class='avia_textblock'  itemprop=\"text\" ><h1>Mentions l\u00e9gales<\/h1>\n<\/div><\/section>\n\n<style type=\"text\/css\" data-created_by=\"avia_inline_auto\" id=\"style-css-av-eq3me9b-9815a4f2be9df83374fa06c0aa55f564\">\n.flex_column.av-eq3me9b-9815a4f2be9df83374fa06c0aa55f564{\nborder-radius:0px 0px 0px 0px;\npadding:0px 0px 0px 0px;\n}\n<\/style>\n<div  class='flex_column av-eq3me9b-9815a4f2be9df83374fa06c0aa55f564 av_one_half  avia-builder-el-2  el_after_av_textblock  el_before_av_one_half  first flex_column_div av-zero-column-padding  column-top-margin'     ><section  class='av_textblock_section av-knhldejs-ba8ab46b0ff355eb8369cddf88e331c4 '   itemscope=\"itemscope\" itemtype=\"https:\/\/schema.org\/CreativeWork\" ><div class='avia_textblock'  itemprop=\"text\" ><p><b>artlogic France<br \/>\n<\/b><\/p>\n<p>Tel: +33 1 87 17 68 75<\/p>\n<p>mail: <a href=\"info@artlogic.de\">info@artlogic.fr<\/a><\/p>\n<p><b>Si\u00e8ge social<br \/>\n<\/b><\/p>\n<p>artlogic France &#8211; bright bowl sas<br \/>\n10, rue de Madagascar<br \/>\n75012 Paris<\/p>\n<p>Siret: 85226366400025<br \/>\nVAT: FR14852263664<\/p>\n<\/div><\/section><\/div>\n<style type=\"text\/css\" data-created_by=\"avia_inline_auto\" id=\"style-css-av-czvtohb-8075d8b2fbdc825d9fb3c90b48c99052\">\n.flex_column.av-czvtohb-8075d8b2fbdc825d9fb3c90b48c99052{\nborder-radius:0px 0px 0px 0px;\npadding:0px 0px 0px 0px;\n}\n<\/style>\n<div  class='flex_column av-czvtohb-8075d8b2fbdc825d9fb3c90b48c99052 av_one_half  avia-builder-el-4  el_after_av_one_half  avia-builder-el-last  flex_column_div av-zero-column-padding  column-top-margin'     ><section  class='av_textblock_section av-7bswnjj-83724360ba7962bc4d57588ec16b9329 '   itemscope=\"itemscope\" itemtype=\"https:\/\/schema.org\/CreativeWork\" ><div class='avia_textblock'  itemprop=\"text\" ><p><b>Coordonn\u00e9es bancaires<br \/>\n<\/b><\/p>\n<p>Banco Bilbao Vizcaya Argentaria<br \/>\nIBAN: ES7001821350870201716745<br \/>\nBIC: BBVAESMMXXX<\/p>\n<p><b>Clause de responsabilit\u00e9<\/b><\/p>\n<p>Malgr\u00e9 un contr\u00f4le minutieux, nous d\u00e9clinons toute responsabilit\u00e9 quant au contenu des liens externes.<\/p>\n<div class=\"source_url_spacer\"><b>Conditions g\u00e9n\u00e9rales de vente<br \/>\n<\/b><\/div>\n<p>Vous trouverez nos conditions g\u00e9n\u00e9rales de vente ci-dessous.<\/p>\n<\/div><\/section><\/div><\/div><\/div><\/main><!-- close content main element --><\/div><\/div><div id='after_section_1'  class='main_color av_default_container_wrap container_wrap sidebar_right'  ><div class='container av-section-cont-open' ><div class='template-page content  av-content-small alpha units'><div class='post-entry post-entry-type-page post-entry-157039'><div class='entry-content-wrapper clearfix'>\n","protected":false},"excerpt":{"rendered":"","protected":false},"author":1,"featured_media":0,"parent":0,"menu_order":0,"comment_status":"closed","ping_status":"closed","template":"","meta":{"footnotes":""},"class_list":["post-157039","page","type-page","status-publish","hentry"],"yoast_head":"<!-- This site is optimized with the Yoast SEO plugin v25.7 - https:\/\/yoast.com\/wordpress\/plugins\/seo\/ -->\n<title>Mentions l\u00e9gales - artlogic<\/title>\n<meta name=\"robots\" content=\"noindex, follow\" \/>\n<meta property=\"og:locale\" content=\"fr_FR\" \/>\n<meta property=\"og:type\" content=\"article\" \/>\n<meta property=\"og:title\" content=\"Mentions l\u00e9gales - artlogic\" \/>\n<meta property=\"og:url\" content=\"https:\/\/artlogic.biz\/fr\/colophon\/\" \/>\n<meta property=\"og:site_name\" content=\"artlogic\" \/>\n<meta property=\"article:modified_time\" content=\"2021-04-14T15:14:25+00:00\" \/>\n<meta name=\"twitter:card\" content=\"summary_large_image\" \/>\n<meta name=\"twitter:label1\" content=\"Dur\u00e9e de lecture estim\u00e9e\" \/>\n\t<meta name=\"twitter:data1\" content=\"2 minutes\" \/>\n<script type=\"application\/ld+json\" class=\"yoast-schema-graph\">{\"@context\":\"https:\/\/schema.org\",\"@graph\":[{\"@type\":\"WebPage\",\"@id\":\"https:\/\/artlogic.biz\/fr\/colophon\/\",\"url\":\"https:\/\/artlogic.biz\/fr\/colophon\/\",\"name\":\"Mentions l\u00e9gales - artlogic\",\"isPartOf\":{\"@id\":\"https:\/\/artlogic.biz\/fr\/#website\"},\"datePublished\":\"2020-06-30T10:52:58+00:00\",\"dateModified\":\"2021-04-14T15:14:25+00:00\",\"breadcrumb\":{\"@id\":\"https:\/\/artlogic.biz\/fr\/colophon\/#breadcrumb\"},\"inLanguage\":\"fr-FR\",\"potentialAction\":[{\"@type\":\"ReadAction\",\"target\":[\"https:\/\/artlogic.biz\/fr\/colophon\/\"]}]},{\"@type\":\"BreadcrumbList\",\"@id\":\"https:\/\/artlogic.biz\/fr\/colophon\/#breadcrumb\",\"itemListElement\":[{\"@type\":\"ListItem\",\"position\":1,\"name\":\"Home\",\"item\":\"https:\/\/artlogic.biz\/fr\/home\/\"},{\"@type\":\"ListItem\",\"position\":2,\"name\":\"Mentions l\u00e9gales\"}]},{\"@type\":\"WebSite\",\"@id\":\"https:\/\/artlogic.biz\/fr\/#website\",\"url\":\"https:\/\/artlogic.biz\/fr\/\",\"name\":\"artlogic\",\"description\":\"\",\"potentialAction\":[{\"@type\":\"SearchAction\",\"target\":{\"@type\":\"EntryPoint\",\"urlTemplate\":\"https:\/\/artlogic.biz\/fr\/?s={search_term_string}\"},\"query-input\":{\"@type\":\"PropertyValueSpecification\",\"valueRequired\":true,\"valueName\":\"search_term_string\"}}],\"inLanguage\":\"fr-FR\"}]}<\/script>\n<!-- \/ Yoast SEO plugin. -->","yoast_head_json":{"title":"Mentions l\u00e9gales - artlogic","robots":{"index":"noindex","follow":"follow"},"og_locale":"fr_FR","og_type":"article","og_title":"Mentions l\u00e9gales - artlogic","og_url":"https:\/\/artlogic.biz\/fr\/colophon\/","og_site_name":"artlogic","article_modified_time":"2021-04-14T15:14:25+00:00","twitter_card":"summary_large_image","twitter_misc":{"Dur\u00e9e de lecture estim\u00e9e":"2 minutes"},"schema":{"@context":"https:\/\/schema.org","@graph":[{"@type":"WebPage","@id":"https:\/\/artlogic.biz\/fr\/colophon\/","url":"https:\/\/artlogic.biz\/fr\/colophon\/","name":"Mentions l\u00e9gales - artlogic","isPartOf":{"@id":"https:\/\/artlogic.biz\/fr\/#website"},"datePublished":"2020-06-30T10:52:58+00:00","dateModified":"2021-04-14T15:14:25+00:00","breadcrumb":{"@id":"https:\/\/artlogic.biz\/fr\/colophon\/#breadcrumb"},"inLanguage":"fr-FR","potentialAction":[{"@type":"ReadAction","target":["https:\/\/artlogic.biz\/fr\/colophon\/"]}]},{"@type":"BreadcrumbList","@id":"https:\/\/artlogic.biz\/fr\/colophon\/#breadcrumb","itemListElement":[{"@type":"ListItem","position":1,"name":"Home","item":"https:\/\/artlogic.biz\/fr\/home\/"},{"@type":"ListItem","position":2,"name":"Mentions l\u00e9gales"}]},{"@type":"WebSite","@id":"https:\/\/artlogic.biz\/fr\/#website","url":"https:\/\/artlogic.biz\/fr\/","name":"artlogic","description":"","potentialAction":[{"@type":"SearchAction","target":{"@type":"EntryPoint","urlTemplate":"https:\/\/artlogic.biz\/fr\/?s={search_term_string}"},"query-input":{"@type":"PropertyValueSpecification","valueRequired":true,"valueName":"search_term_string"}}],"inLanguage":"fr-FR"}]}},"_links":{"self":[{"href":"https:\/\/artlogic.biz\/fr\/wp-json\/wp\/v2\/pages\/157039","targetHints":{"allow":["GET"]}}],"collection":[{"href":"https:\/\/artlogic.biz\/fr\/wp-json\/wp\/v2\/pages"}],"about":[{"href":"https:\/\/artlogic.biz\/fr\/wp-json\/wp\/v2\/types\/page"}],"author":[{"embeddable":true,"href":"https:\/\/artlogic.biz\/fr\/wp-json\/wp\/v2\/users\/1"}],"replies":[{"embeddable":true,"href":"https:\/\/artlogic.biz\/fr\/wp-json\/wp\/v2\/comments?post=157039"}],"version-history":[{"count":7,"href":"https:\/\/artlogic.biz\/fr\/wp-json\/wp\/v2\/pages\/157039\/revisions"}],"predecessor-version":[{"id":319119,"href":"https:\/\/artlogic.biz\/fr\/wp-json\/wp\/v2\/pages\/157039\/revisions\/319119"}],"wp:attachment":[{"href":"https:\/\/artlogic.biz\/fr\/wp-json\/wp\/v2\/media?parent=157039"}],"curies":[{"name":"wp","href":"https:\/\/api.w.org\/{rel}","templated":true}]}}