{"id":307,"date":"2016-02-24T15:19:29","date_gmt":"2016-02-24T14:19:29","guid":{"rendered":"http:\/\/www.artlogic.biz\/de\/?page_id=307"},"modified":"2025-02-14T08:22:03","modified_gmt":"2025-02-14T07:22:03","slug":"impressum","status":"publish","type":"page","link":"https:\/\/artlogic.biz\/de\/impressum\/","title":{"rendered":"Impressum"},"content":{"rendered":"<div id='av_section_1'  class='avia-section av-12b0iz-1cc36c3e59191ef0c910446f5d53693d main_color avia-section-large avia-no-border-styling  avia-builder-el-0  avia-builder-el-no-sibling  avia-bg-style-scroll container_wrap sidebar_right'  ><div class='container av-section-cont-open' ><main  role=\"main\" itemprop=\"mainContentOfPage\"  class='template-page content  av-content-small alpha units'><div class='post-entry post-entry-type-page post-entry-307'><div class='entry-content-wrapper clearfix'>\n<section  class='av_textblock_section av-um3e3-75612709081366c8708966327bc8e813 '   itemscope=\"itemscope\" itemtype=\"https:\/\/schema.org\/CreativeWork\" ><div class='avia_textblock'  itemprop=\"text\" ><h1>Impressum<\/h1>\n<\/div><\/section>\n\n<style type=\"text\/css\" data-created_by=\"avia_inline_auto\" id=\"style-css-av-reb6j-a1b8642d9a307996011590db9832fd4f\">\n.flex_column.av-reb6j-a1b8642d9a307996011590db9832fd4f{\nborder-radius:0px 0px 0px 0px;\npadding:0px 0px 0px 0px;\n}\n<\/style>\n<div  class='flex_column av-reb6j-a1b8642d9a307996011590db9832fd4f av_one_half  avia-builder-el-2  el_after_av_textblock  el_before_av_one_half  first flex_column_div av-zero-column-padding  column-top-margin'     ><section  class='av_textblock_section av-kfr4b-d00743d2678d90c25ea3097fbce9dfcd '   itemscope=\"itemscope\" itemtype=\"https:\/\/schema.org\/CreativeWork\" ><div class='avia_textblock'  itemprop=\"text\" ><p><b>artlogic Deutschland<\/b><\/p>\n<p>fon: +49 700-27856442 [artlogic]<br \/>\nor +49 211 63554400<br \/>\n(max. 0,124 \u20ac pro Minute aus dem Netz der Dt. Telekom)<\/p>\n<p>mail: <a href=\"info@artlogic.de\">info@artlogic.de<\/a><\/p>\n<p><b>Sitz der Gesellschaft<\/b><\/p>\n<p>artlogic Staffpool GmbH<br \/>\nSternstr. 25<br \/>\n40479 D\u00fcsseldorf<\/p>\n<p>Gesch\u00e4ftsf\u00fchrung: Michaela Linnenbrink<br \/>\nHandelsregister: HRB 52697, Ust-IDNr.: DE 103 5987 0665<\/p>\n<\/div><\/section><\/div>\n<style type=\"text\/css\" data-created_by=\"avia_inline_auto\" id=\"style-css-av-1hm0r-ca950dfe8446f45a9cfe4958a2b4af66\">\n.flex_column.av-1hm0r-ca950dfe8446f45a9cfe4958a2b4af66{\nborder-radius:0px 0px 0px 0px;\npadding:0px 0px 0px 0px;\n}\n<\/style>\n<div  class='flex_column av-1hm0r-ca950dfe8446f45a9cfe4958a2b4af66 av_one_half  avia-builder-el-4  el_after_av_one_half  avia-builder-el-last  flex_column_div av-zero-column-padding  column-top-margin'     ><section  class='av_textblock_section av-83z1f-4ba3d5b7b245645a1d6a445012324349 '   itemscope=\"itemscope\" itemtype=\"https:\/\/schema.org\/CreativeWork\" ><div class='avia_textblock'  itemprop=\"text\" ><p><b>Bankverbindung<\/b><\/p>\n<p>Sparkasse Neuwied<br \/>\nIBAN: DE 91 5745 0120 0030041206<br \/>\nBIC: MALADE51NWD<\/p>\n<p><b>Haftungshinweis<\/b><\/p>\n<p>Trotz sorgf\u00e4ltiger inhaltlicher Kontrolle \u00fcbernehmen wir keine Haftung f\u00fcr die Inhalte externer Links. F\u00fcr den Inhalt der verlinkten Seiten sind ausschlie\u00dflich deren Betreiber verantwortlich.<\/p>\n<p><b>Allgemeine Gesch\u00e4ftsbedingungen<\/b><\/p>\n<p>Unsere allgemeinen Gesch\u00e4ftsbedingungen finden Sie hier:<br \/>\n<a href=\"https:\/\/artlogic.biz\/agb-de.pdf\" target=\"_blank\" rel=\"noopener\">Allgemeine Gesch\u00e4ftsbedingungen als pdf zum Download, Stand 01.08.2007<\/a>.<\/p>\n<\/div><\/section><\/div><\/div><\/div><\/main><!-- close content main element --><\/div><\/div><div id='after_section_1'  class='main_color av_default_container_wrap container_wrap sidebar_right'  ><div class='container av-section-cont-open' ><div class='template-page content  av-content-small alpha units'><div class='post-entry post-entry-type-page post-entry-307'><div class='entry-content-wrapper clearfix'>\n","protected":false},"excerpt":{"rendered":"","protected":false},"author":1,"featured_media":0,"parent":0,"menu_order":0,"comment_status":"closed","ping_status":"closed","template":"","meta":{"footnotes":""},"class_list":["post-307","page","type-page","status-publish","hentry"],"yoast_head":"<!-- This site is optimized with the Yoast SEO plugin v25.7 - https:\/\/yoast.com\/wordpress\/plugins\/seo\/ -->\n<title>Impressum - artlogic<\/title>\n<meta name=\"description\" content=\"Impressum - artlogic\" \/>\n<meta name=\"robots\" content=\"noindex, follow\" \/>\n<meta property=\"og:locale\" content=\"de_DE\" \/>\n<meta property=\"og:type\" content=\"article\" \/>\n<meta property=\"og:title\" content=\"Impressum - artlogic\" \/>\n<meta property=\"og:description\" content=\"Impressum - artlogic\" \/>\n<meta property=\"og:url\" content=\"https:\/\/artlogic.biz\/de\/impressum\/\" \/>\n<meta property=\"og:site_name\" content=\"artlogic\" \/>\n<meta property=\"article:modified_time\" content=\"2025-02-14T07:22:03+00:00\" \/>\n<meta name=\"twitter:card\" content=\"summary_large_image\" \/>\n<meta name=\"twitter:label1\" content=\"Gesch\u00e4tzte Lesezeit\" \/>\n\t<meta name=\"twitter:data1\" content=\"2\u00a0Minuten\" \/>\n<script type=\"application\/ld+json\" class=\"yoast-schema-graph\">{\"@context\":\"https:\/\/schema.org\",\"@graph\":[{\"@type\":\"WebPage\",\"@id\":\"https:\/\/artlogic.biz\/de\/impressum\/\",\"url\":\"https:\/\/artlogic.biz\/de\/impressum\/\",\"name\":\"Impressum - artlogic\",\"isPartOf\":{\"@id\":\"https:\/\/artlogic.biz\/de\/#website\"},\"datePublished\":\"2016-02-24T14:19:29+00:00\",\"dateModified\":\"2025-02-14T07:22:03+00:00\",\"description\":\"Impressum - artlogic\",\"breadcrumb\":{\"@id\":\"https:\/\/artlogic.biz\/de\/impressum\/#breadcrumb\"},\"inLanguage\":\"de\",\"potentialAction\":[{\"@type\":\"ReadAction\",\"target\":[\"https:\/\/artlogic.biz\/de\/impressum\/\"]}]},{\"@type\":\"BreadcrumbList\",\"@id\":\"https:\/\/artlogic.biz\/de\/impressum\/#breadcrumb\",\"itemListElement\":[{\"@type\":\"ListItem\",\"position\":1,\"name\":\"Home\",\"item\":\"https:\/\/artlogic.biz\/de\/home\/\"},{\"@type\":\"ListItem\",\"position\":2,\"name\":\"Impressum\"}]},{\"@type\":\"WebSite\",\"@id\":\"https:\/\/artlogic.biz\/de\/#website\",\"url\":\"https:\/\/artlogic.biz\/de\/\",\"name\":\"artlogic\",\"description\":\"\",\"potentialAction\":[{\"@type\":\"SearchAction\",\"target\":{\"@type\":\"EntryPoint\",\"urlTemplate\":\"https:\/\/artlogic.biz\/de\/?s={search_term_string}\"},\"query-input\":{\"@type\":\"PropertyValueSpecification\",\"valueRequired\":true,\"valueName\":\"search_term_string\"}}],\"inLanguage\":\"de\"}]}<\/script>\n<!-- \/ Yoast SEO plugin. -->","yoast_head_json":{"title":"Impressum - artlogic","description":"Impressum - artlogic","robots":{"index":"noindex","follow":"follow"},"og_locale":"de_DE","og_type":"article","og_title":"Impressum - artlogic","og_description":"Impressum - artlogic","og_url":"https:\/\/artlogic.biz\/de\/impressum\/","og_site_name":"artlogic","article_modified_time":"2025-02-14T07:22:03+00:00","twitter_card":"summary_large_image","twitter_misc":{"Gesch\u00e4tzte Lesezeit":"2\u00a0Minuten"},"schema":{"@context":"https:\/\/schema.org","@graph":[{"@type":"WebPage","@id":"https:\/\/artlogic.biz\/de\/impressum\/","url":"https:\/\/artlogic.biz\/de\/impressum\/","name":"Impressum - artlogic","isPartOf":{"@id":"https:\/\/artlogic.biz\/de\/#website"},"datePublished":"2016-02-24T14:19:29+00:00","dateModified":"2025-02-14T07:22:03+00:00","description":"Impressum - artlogic","breadcrumb":{"@id":"https:\/\/artlogic.biz\/de\/impressum\/#breadcrumb"},"inLanguage":"de","potentialAction":[{"@type":"ReadAction","target":["https:\/\/artlogic.biz\/de\/impressum\/"]}]},{"@type":"BreadcrumbList","@id":"https:\/\/artlogic.biz\/de\/impressum\/#breadcrumb","itemListElement":[{"@type":"ListItem","position":1,"name":"Home","item":"https:\/\/artlogic.biz\/de\/home\/"},{"@type":"ListItem","position":2,"name":"Impressum"}]},{"@type":"WebSite","@id":"https:\/\/artlogic.biz\/de\/#website","url":"https:\/\/artlogic.biz\/de\/","name":"artlogic","description":"","potentialAction":[{"@type":"SearchAction","target":{"@type":"EntryPoint","urlTemplate":"https:\/\/artlogic.biz\/de\/?s={search_term_string}"},"query-input":{"@type":"PropertyValueSpecification","valueRequired":true,"valueName":"search_term_string"}}],"inLanguage":"de"}]}},"_links":{"self":[{"href":"https:\/\/artlogic.biz\/de\/wp-json\/wp\/v2\/pages\/307","targetHints":{"allow":["GET"]}}],"collection":[{"href":"https:\/\/artlogic.biz\/de\/wp-json\/wp\/v2\/pages"}],"about":[{"href":"https:\/\/artlogic.biz\/de\/wp-json\/wp\/v2\/types\/page"}],"author":[{"embeddable":true,"href":"https:\/\/artlogic.biz\/de\/wp-json\/wp\/v2\/users\/1"}],"replies":[{"embeddable":true,"href":"https:\/\/artlogic.biz\/de\/wp-json\/wp\/v2\/comments?post=307"}],"version-history":[{"count":27,"href":"https:\/\/artlogic.biz\/de\/wp-json\/wp\/v2\/pages\/307\/revisions"}],"predecessor-version":[{"id":702236,"href":"https:\/\/artlogic.biz\/de\/wp-json\/wp\/v2\/pages\/307\/revisions\/702236"}],"wp:attachment":[{"href":"https:\/\/artlogic.biz\/de\/wp-json\/wp\/v2\/media?parent=307"}],"curies":[{"name":"wp","href":"https:\/\/api.w.org\/{rel}","templated":true}]}}