{"id":9887,"date":"2016-09-20T12:53:03","date_gmt":"2016-09-20T10:53:03","guid":{"rendered":"https:\/\/artlogic.biz\/ca\/?page_id=9887"},"modified":"2021-03-22T08:40:26","modified_gmt":"2021-03-22T07:40:26","slug":"noticies","status":"publish","type":"page","link":"https:\/\/artlogic.biz\/ca\/noticies\/","title":{"rendered":"Not\u00edcies"},"content":{"rendered":"<div  class='av-alb-blogposts template-blog  av-blog-meta-author-disabled av-blog-meta-comments-disabled av-blog-meta-category-disabled av-blog-meta-html-info-disabled av-blog-meta-tag-disabled '  itemscope=\"itemscope\" itemtype=\"https:\/\/schema.org\/Blog\" ><article class=\"post-entry post-entry-type-standard post-entry-577487 post-loop-1 post-parity-odd single-big with-slider post-577487 post type-post status-publish format-standard has-post-thumbnail hentry category-artlogic-pressrelease-ca\"  itemscope=\"itemscope\" itemtype=\"https:\/\/schema.org\/BlogPosting\" ><div class=\"big-preview single-big\"  itemprop=\"image\" itemscope=\"itemscope\" itemtype=\"https:\/\/schema.org\/ImageObject\" ><a href=\"https:\/\/artlogic.biz\/ca\/artlogic-niederland-adquireix-el-negoci-de-crew-business-de-eventcare\/\"  title=\"Design ohne Titel (12)\" ><img decoding=\"async\" loading=\"lazy\" width=\"1080\" height=\"630\" src=\"https:\/\/artlogic.biz\/wp-content\/uploads\/Design-ohne-Titel-12-1080x630.png\" class=\"wp-image-563289 avia-img-lazy-loading-563289 attachment-entry_with_sidebar size-entry_with_sidebar wp-post-image\" alt=\"\" \/><\/a><\/div><div class=\"blog-meta\"><\/div><div class='entry-content-wrapper clearfix standard-content'><header class=\"entry-content-header\" aria-label=\"Post: artlogic Niederland adquireix el negoci de Crew Business de Eventcare.\"><h2 class='post-title entry-title '  itemprop=\"headline\" ><a href=\"https:\/\/artlogic.biz\/ca\/artlogic-niederland-adquireix-el-negoci-de-crew-business-de-eventcare\/\" rel=\"bookmark\" title=\"Permanent Link: artlogic Niederland adquireix el negoci de Crew Business de Eventcare.\">artlogic Niederland adquireix el negoci de Crew Business de Eventcare.<span class=\"post-format-icon minor-meta\"><\/span><\/a><\/h2><span class=\"post-meta-infos\"><time class=\"date-container minor-meta updated\"  itemprop=\"datePublished\" datetime=\"2024-04-05T12:12:22+02:00\" >5. abril 2024<\/time><\/span><\/header><div class=\"entry-content\"  itemprop=\"text\" ><p>Staffpool B.V. (artlogic) es complau a anunciar la seva associaci\u00f3 estrat\u00e8gica amb Eventcare Crew B.V.<\/p>\n<div class=\"read-more-link\"><a href=\"https:\/\/artlogic.biz\/ca\/artlogic-niederland-adquireix-el-negoci-de-crew-business-de-eventcare\/\" class=\"more-link\">Llegir m\u00e9s<span class=\"more-link-arrow\">  &rarr;<\/span><\/a><\/div>\n<\/div><footer class=\"entry-footer\"><\/footer><div class='post_delimiter'><\/div><\/div><div class=\"post_author_timeline\"><\/div><span class='hidden'>\n\t\t\t\t<span class='av-structured-data'  itemprop=\"image\" itemscope=\"itemscope\" itemtype=\"https:\/\/schema.org\/ImageObject\" >\n\t\t\t\t\t\t<span itemprop='url'>https:\/\/artlogic.biz\/wp-content\/uploads\/Design-ohne-Titel-12.png<\/span>\n\t\t\t\t\t\t<span itemprop='height'>1080<\/span>\n\t\t\t\t\t\t<span itemprop='width'>1080<\/span>\n\t\t\t\t<\/span>\n\t\t\t\t<span class='av-structured-data'  itemprop=\"publisher\" itemtype=\"https:\/\/schema.org\/Organization\" itemscope=\"itemscope\" >\n\t\t\t\t\t\t<span itemprop='name'>Niklas<\/span>\n\t\t\t\t\t\t<span itemprop='logo' itemscope itemtype='https:\/\/schema.org\/ImageObject'>\n\t\t\t\t\t\t\t<span itemprop='url'>https:\/\/artlogic.biz\/wp-content\/uploads\/logo2-1.png<\/span>\n\t\t\t\t\t\t<\/span>\n\t\t\t\t<\/span><span class='av-structured-data'  itemprop=\"author\" itemscope=\"itemscope\" itemtype=\"https:\/\/schema.org\/Person\" ><span itemprop='name'>Niklas<\/span><\/span><span class='av-structured-data'  itemprop=\"datePublished\" datetime=\"2024-04-05T12:12:22+02:00\" >2024-04-05 12:12:22<\/span><span class='av-structured-data'  itemprop=\"dateModified\" itemtype=\"https:\/\/schema.org\/dateModified\" >2024-04-05 12:12:29<\/span><span class='av-structured-data'  itemprop=\"mainEntityOfPage\" itemtype=\"https:\/\/schema.org\/mainEntityOfPage\" ><span itemprop='name'>artlogic Niederland adquireix el negoci de Crew Business de Eventcare.<\/span><\/span><\/span><\/article><article class=\"post-entry post-entry-type-standard post-entry-543035 post-loop-2 post-parity-even single-big with-slider post-543035 post type-post status-publish format-standard has-post-thumbnail hentry category-uncategorized-ca\"  itemscope=\"itemscope\" itemtype=\"https:\/\/schema.org\/BlogPosting\" ><div class=\"big-preview single-big\"  itemprop=\"image\" itemscope=\"itemscope\" itemtype=\"https:\/\/schema.org\/ImageObject\" ><a href=\"https:\/\/artlogic.biz\/ca\/artlogic-et-desitja-unes-bones-festes-y-un-bon-any-nou\/\"  title=\"Merry Christmas and Happy New Year!\" ><img decoding=\"async\" loading=\"lazy\" width=\"1200\" height=\"630\" src=\"https:\/\/artlogic.biz\/wp-content\/uploads\/artlogic-christmas-card-2023-1200x630.png\" class=\"wp-image-542623 avia-img-lazy-loading-542623 attachment-entry_with_sidebar size-entry_with_sidebar wp-post-image\" alt=\"Merry Christmas and Happy New Year!\" srcset=\"https:\/\/artlogic.biz\/wp-content\/uploads\/artlogic-christmas-card-2023.png 1200w, https:\/\/artlogic.biz\/wp-content\/uploads\/artlogic-christmas-card-2023-300x158.png 300w, https:\/\/artlogic.biz\/wp-content\/uploads\/artlogic-christmas-card-2023-1030x541.png 1030w, https:\/\/artlogic.biz\/wp-content\/uploads\/artlogic-christmas-card-2023-80x42.png 80w, https:\/\/artlogic.biz\/wp-content\/uploads\/artlogic-christmas-card-2023-705x370.png 705w, https:\/\/artlogic.biz\/wp-content\/uploads\/artlogic-christmas-card-2023-150x79.png 150w\" sizes=\"auto, (max-width: 1200px) 100vw, 1200px\" \/><\/a><\/div><div class=\"blog-meta\"><\/div><div class='entry-content-wrapper clearfix standard-content'><header class=\"entry-content-header\" aria-label=\"Post: \u00a1artlogic et desitja unes Bones Festes y un bon Any Nou!\"><h2 class='post-title entry-title '  itemprop=\"headline\" ><a href=\"https:\/\/artlogic.biz\/ca\/artlogic-et-desitja-unes-bones-festes-y-un-bon-any-nou\/\" rel=\"bookmark\" title=\"Permanent Link: \u00a1artlogic et desitja unes Bones Festes y un bon Any Nou!\">\u00a1artlogic et desitja unes Bones Festes y un bon Any Nou!<span class=\"post-format-icon minor-meta\"><\/span><\/a><\/h2><span class=\"post-meta-infos\"><time class=\"date-container minor-meta updated\"  itemprop=\"datePublished\" datetime=\"2023-12-18T12:25:49+01:00\" >18. desembre 2023<\/time><\/span><\/header><div class=\"entry-content\"  itemprop=\"text\" ><div class=\"read-more-link\"><a href=\"https:\/\/artlogic.biz\/ca\/artlogic-et-desitja-unes-bones-festes-y-un-bon-any-nou\/\" class=\"more-link\">Llegir m\u00e9s<span class=\"more-link-arrow\">  &rarr;<\/span><\/a><\/div>\n<\/div><footer class=\"entry-footer\"><\/footer><div class='post_delimiter'><\/div><\/div><div class=\"post_author_timeline\"><\/div><span class='hidden'>\n\t\t\t\t<span class='av-structured-data'  itemprop=\"image\" itemscope=\"itemscope\" itemtype=\"https:\/\/schema.org\/ImageObject\" >\n\t\t\t\t\t\t<span itemprop='url'>https:\/\/artlogic.biz\/wp-content\/uploads\/artlogic-christmas-card-2023.png<\/span>\n\t\t\t\t\t\t<span itemprop='height'>630<\/span>\n\t\t\t\t\t\t<span itemprop='width'>1200<\/span>\n\t\t\t\t<\/span>\n\t\t\t\t<span class='av-structured-data'  itemprop=\"publisher\" itemtype=\"https:\/\/schema.org\/Organization\" itemscope=\"itemscope\" >\n\t\t\t\t\t\t<span itemprop='name'>maria.carrasco<\/span>\n\t\t\t\t\t\t<span itemprop='logo' itemscope itemtype='https:\/\/schema.org\/ImageObject'>\n\t\t\t\t\t\t\t<span itemprop='url'>https:\/\/artlogic.biz\/wp-content\/uploads\/logo2-1.png<\/span>\n\t\t\t\t\t\t<\/span>\n\t\t\t\t<\/span><span class='av-structured-data'  itemprop=\"author\" itemscope=\"itemscope\" itemtype=\"https:\/\/schema.org\/Person\" ><span itemprop='name'>maria.carrasco<\/span><\/span><span class='av-structured-data'  itemprop=\"datePublished\" datetime=\"2023-12-18T12:25:49+01:00\" >2023-12-18 12:25:49<\/span><span class='av-structured-data'  itemprop=\"dateModified\" itemtype=\"https:\/\/schema.org\/dateModified\" >2023-12-18 12:25:49<\/span><span class='av-structured-data'  itemprop=\"mainEntityOfPage\" itemtype=\"https:\/\/schema.org\/mainEntityOfPage\" ><span itemprop='name'>\u00a1artlogic et desitja unes Bones Festes y un bon Any Nou!<\/span><\/span><\/span><\/article><article class=\"post-entry post-entry-type-standard post-entry-531618 post-loop-3 post-parity-odd single-big with-slider post-531618 post type-post status-publish format-standard has-post-thumbnail hentry category-artlogic-intern-es-ca\"  itemscope=\"itemscope\" itemtype=\"https:\/\/schema.org\/BlogPosting\" ><div class=\"big-preview single-big\"  itemprop=\"image\" itemscope=\"itemscope\" itemtype=\"https:\/\/schema.org\/ImageObject\" ><a href=\"https:\/\/artlogic.biz\/ca\/hagamos-algo-distinto\/\"  title=\"Hagamos algo distinto\" ><img decoding=\"async\" loading=\"lazy\" width=\"1200\" height=\"630\" src=\"https:\/\/artlogic.biz\/wp-content\/uploads\/Hagamos-algo-distinto-1200x630.png\" class=\"wp-image-531592 avia-img-lazy-loading-531592 attachment-entry_with_sidebar size-entry_with_sidebar wp-post-image\" alt=\"\" srcset=\"https:\/\/artlogic.biz\/wp-content\/uploads\/Hagamos-algo-distinto.png 1200w, https:\/\/artlogic.biz\/wp-content\/uploads\/Hagamos-algo-distinto-300x158.png 300w, https:\/\/artlogic.biz\/wp-content\/uploads\/Hagamos-algo-distinto-1030x541.png 1030w, https:\/\/artlogic.biz\/wp-content\/uploads\/Hagamos-algo-distinto-80x42.png 80w, https:\/\/artlogic.biz\/wp-content\/uploads\/Hagamos-algo-distinto-705x370.png 705w, https:\/\/artlogic.biz\/wp-content\/uploads\/Hagamos-algo-distinto-150x79.png 150w\" sizes=\"auto, (max-width: 1200px) 100vw, 1200px\" \/><\/a><\/div><div class=\"blog-meta\"><\/div><div class='entry-content-wrapper clearfix standard-content'><header class=\"entry-content-header\" aria-label=\"Post: Hagamos algo distinto\"><h2 class='post-title entry-title '  itemprop=\"headline\" ><a href=\"https:\/\/artlogic.biz\/ca\/hagamos-algo-distinto\/\" rel=\"bookmark\" title=\"Permanent Link: Hagamos algo distinto\">Hagamos algo distinto<span class=\"post-format-icon minor-meta\"><\/span><\/a><\/h2><span class=\"post-meta-infos\"><time class=\"date-container minor-meta updated\"  itemprop=\"datePublished\" datetime=\"2023-10-26T10:26:08+02:00\" >26. octubre 2023<\/time><\/span><\/header><div class=\"entry-content\"  itemprop=\"text\" ><p>Es un placer dirigirnos a todos vosotros en esta emocionante etapa que estamos atravesando. Cada d\u00eda que pasa nos posicionamos como una de las compa\u00f1\u00edas de servicios m\u00e1s profesional y esto es gracias a equipos de trabajo m\u00e1s formados y comprometidos que nunca. Hablemos del proyecto: Todo esto va m\u00e1s all\u00e1 de simples montajes y [&hellip;]<\/p>\n<div class=\"read-more-link\"><a href=\"https:\/\/artlogic.biz\/ca\/hagamos-algo-distinto\/\" class=\"more-link\">Llegir m\u00e9s<span class=\"more-link-arrow\">  &rarr;<\/span><\/a><\/div>\n<\/div><footer class=\"entry-footer\"><\/footer><div class='post_delimiter'><\/div><\/div><div class=\"post_author_timeline\"><\/div><span class='hidden'>\n\t\t\t\t<span class='av-structured-data'  itemprop=\"image\" itemscope=\"itemscope\" itemtype=\"https:\/\/schema.org\/ImageObject\" >\n\t\t\t\t\t\t<span itemprop='url'>https:\/\/artlogic.biz\/wp-content\/uploads\/Hagamos-algo-distinto.png<\/span>\n\t\t\t\t\t\t<span itemprop='height'>630<\/span>\n\t\t\t\t\t\t<span itemprop='width'>1200<\/span>\n\t\t\t\t<\/span>\n\t\t\t\t<span class='av-structured-data'  itemprop=\"publisher\" itemtype=\"https:\/\/schema.org\/Organization\" itemscope=\"itemscope\" >\n\t\t\t\t\t\t<span itemprop='name'>Jose<\/span>\n\t\t\t\t\t\t<span itemprop='logo' itemscope itemtype='https:\/\/schema.org\/ImageObject'>\n\t\t\t\t\t\t\t<span itemprop='url'>https:\/\/artlogic.biz\/wp-content\/uploads\/logo2-1.png<\/span>\n\t\t\t\t\t\t<\/span>\n\t\t\t\t<\/span><span class='av-structured-data'  itemprop=\"author\" itemscope=\"itemscope\" itemtype=\"https:\/\/schema.org\/Person\" ><span itemprop='name'>Jose<\/span><\/span><span class='av-structured-data'  itemprop=\"datePublished\" datetime=\"2023-10-26T10:26:08+02:00\" >2023-10-26 10:26:08<\/span><span class='av-structured-data'  itemprop=\"dateModified\" itemtype=\"https:\/\/schema.org\/dateModified\" >2023-10-30 16:39:19<\/span><span class='av-structured-data'  itemprop=\"mainEntityOfPage\" itemtype=\"https:\/\/schema.org\/mainEntityOfPage\" ><span itemprop='name'>Hagamos algo distinto<\/span><\/span><\/span><\/article><article class=\"post-entry post-entry-type-standard post-entry-510371 post-loop-4 post-parity-even single-big with-slider post-510371 post type-post status-publish format-standard has-post-thumbnail hentry category-uncategorized-ca\"  itemscope=\"itemscope\" itemtype=\"https:\/\/schema.org\/BlogPosting\" ><div class=\"big-preview single-big\"  itemprop=\"image\" itemscope=\"itemscope\" itemtype=\"https:\/\/schema.org\/ImageObject\" ><a href=\"https:\/\/artlogic.biz\/ca\/festivales-en-europa-2023\/\"  title=\"European festivals\" ><img decoding=\"async\" loading=\"lazy\" width=\"1200\" height=\"630\" src=\"https:\/\/artlogic.biz\/wp-content\/uploads\/European-festivals-1200x630.png\" class=\"wp-image-506565 avia-img-lazy-loading-506565 attachment-entry_with_sidebar size-entry_with_sidebar wp-post-image\" alt=\"Festivals in Europe\" srcset=\"https:\/\/artlogic.biz\/wp-content\/uploads\/European-festivals.png 1200w, https:\/\/artlogic.biz\/wp-content\/uploads\/European-festivals-300x158.png 300w, https:\/\/artlogic.biz\/wp-content\/uploads\/European-festivals-1030x541.png 1030w, https:\/\/artlogic.biz\/wp-content\/uploads\/European-festivals-80x42.png 80w, https:\/\/artlogic.biz\/wp-content\/uploads\/European-festivals-705x370.png 705w\" sizes=\"auto, (max-width: 1200px) 100vw, 1200px\" \/><\/a><\/div><div class=\"blog-meta\"><\/div><div class='entry-content-wrapper clearfix standard-content'><header class=\"entry-content-header\" aria-label=\"Post: Festivales en Europa 2023\"><h2 class='post-title entry-title '  itemprop=\"headline\" ><a href=\"https:\/\/artlogic.biz\/ca\/festivales-en-europa-2023\/\" rel=\"bookmark\" title=\"Permanent Link: Festivales en Europa 2023\">Festivales en Europa 2023<span class=\"post-format-icon minor-meta\"><\/span><\/a><\/h2><span class=\"post-meta-infos\"><time class=\"date-container minor-meta updated\"  itemprop=\"datePublished\" datetime=\"2023-08-09T13:58:59+02:00\" >9. agost 2023<\/time><\/span><\/header><div class=\"entry-content\"  itemprop=\"text\" ><p>Estamos en plena temporada de festivales al aire libre y los equipos de artlogic est\u00e1n en todas partes, ayudando a que la m\u00fasica cobre vida en toda Europa. Como siempre, estamos encantados de apoyar diversas producciones de festivales de m\u00fasica de todo tipo durante este verano. Desde Espa\u00f1a hasta los Pa\u00edses Bajos, pasando por Alemania [&hellip;]<\/p>\n<div class=\"read-more-link\"><a href=\"https:\/\/artlogic.biz\/ca\/festivales-en-europa-2023\/\" class=\"more-link\">Llegir m\u00e9s<span class=\"more-link-arrow\">  &rarr;<\/span><\/a><\/div>\n<\/div><footer class=\"entry-footer\"><\/footer><div class='post_delimiter'><\/div><\/div><div class=\"post_author_timeline\"><\/div><span class='hidden'>\n\t\t\t\t<span class='av-structured-data'  itemprop=\"image\" itemscope=\"itemscope\" itemtype=\"https:\/\/schema.org\/ImageObject\" >\n\t\t\t\t\t\t<span itemprop='url'>https:\/\/artlogic.biz\/wp-content\/uploads\/European-festivals.png<\/span>\n\t\t\t\t\t\t<span itemprop='height'>630<\/span>\n\t\t\t\t\t\t<span itemprop='width'>1200<\/span>\n\t\t\t\t<\/span>\n\t\t\t\t<span class='av-structured-data'  itemprop=\"publisher\" itemtype=\"https:\/\/schema.org\/Organization\" itemscope=\"itemscope\" >\n\t\t\t\t\t\t<span itemprop='name'>Jose<\/span>\n\t\t\t\t\t\t<span itemprop='logo' itemscope itemtype='https:\/\/schema.org\/ImageObject'>\n\t\t\t\t\t\t\t<span itemprop='url'>https:\/\/artlogic.biz\/wp-content\/uploads\/logo2-1.png<\/span>\n\t\t\t\t\t\t<\/span>\n\t\t\t\t<\/span><span class='av-structured-data'  itemprop=\"author\" itemscope=\"itemscope\" itemtype=\"https:\/\/schema.org\/Person\" ><span itemprop='name'>Jose<\/span><\/span><span class='av-structured-data'  itemprop=\"datePublished\" datetime=\"2023-08-09T13:58:59+02:00\" >2023-08-09 13:58:59<\/span><span class='av-structured-data'  itemprop=\"dateModified\" itemtype=\"https:\/\/schema.org\/dateModified\" >2023-08-09 13:59:14<\/span><span class='av-structured-data'  itemprop=\"mainEntityOfPage\" itemtype=\"https:\/\/schema.org\/mainEntityOfPage\" ><span itemprop='name'>Festivales en Europa 2023<\/span><\/span><\/span><\/article><article class=\"post-entry post-entry-type-standard post-entry-510364 post-loop-5 post-parity-odd post-entry-last single-big with-slider post-510364 post type-post status-publish format-standard has-post-thumbnail hentry category-uncategorized-ca\"  itemscope=\"itemscope\" itemtype=\"https:\/\/schema.org\/BlogPosting\" ><div class=\"big-preview single-big\"  itemprop=\"image\" itemscope=\"itemscope\" itemtype=\"https:\/\/schema.org\/ImageObject\" ><a href=\"https:\/\/artlogic.biz\/ca\/european-crew\/\"  title=\"artlogic in Europe\" ><img decoding=\"async\" loading=\"lazy\" width=\"1200\" height=\"630\" src=\"https:\/\/artlogic.biz\/wp-content\/uploads\/artlogic-in-Europe-1200x630.png\" class=\"wp-image-509100 avia-img-lazy-loading-509100 attachment-entry_with_sidebar size-entry_with_sidebar wp-post-image\" alt=\"artlogic in Europe\" srcset=\"https:\/\/artlogic.biz\/wp-content\/uploads\/artlogic-in-Europe.png 1200w, https:\/\/artlogic.biz\/wp-content\/uploads\/artlogic-in-Europe-300x158.png 300w, https:\/\/artlogic.biz\/wp-content\/uploads\/artlogic-in-Europe-1030x541.png 1030w, https:\/\/artlogic.biz\/wp-content\/uploads\/artlogic-in-Europe-80x42.png 80w, https:\/\/artlogic.biz\/wp-content\/uploads\/artlogic-in-Europe-705x370.png 705w\" sizes=\"auto, (max-width: 1200px) 100vw, 1200px\" \/><\/a><\/div><div class=\"blog-meta\"><\/div><div class='entry-content-wrapper clearfix standard-content'><header class=\"entry-content-header\" aria-label=\"Post: European crew\"><h2 class='post-title entry-title '  itemprop=\"headline\" ><a href=\"https:\/\/artlogic.biz\/ca\/european-crew\/\" rel=\"bookmark\" title=\"Permanent Link: European crew\">European crew<span class=\"post-format-icon minor-meta\"><\/span><\/a><\/h2><span class=\"post-meta-infos\"><time class=\"date-container minor-meta updated\"  itemprop=\"datePublished\" datetime=\"2023-08-09T13:53:52+02:00\" >9. agost 2023<\/time><\/span><\/header><div class=\"entry-content\"  itemprop=\"text\" ><p>Hace m\u00e1s de 25 a\u00f1os que artlogic naci\u00f3 como un proyecto con la clara misi\u00f3n de prestar servicios locales en el sector de los eventos: servicios de alta calidad, seguros y eficientes en pleno cumplimiento de la normativa local. Hoy contamos con oficinas en Alemania, Austria, Francia, Pa\u00edses Bajos, Espa\u00f1a, B\u00e9lgica y Portugal desde donde [&hellip;]<\/p>\n<div class=\"read-more-link\"><a href=\"https:\/\/artlogic.biz\/ca\/european-crew\/\" class=\"more-link\">Llegir m\u00e9s<span class=\"more-link-arrow\">  &rarr;<\/span><\/a><\/div>\n<\/div><footer class=\"entry-footer\"><\/footer><div class='post_delimiter'><\/div><\/div><div class=\"post_author_timeline\"><\/div><span class='hidden'>\n\t\t\t\t<span class='av-structured-data'  itemprop=\"image\" itemscope=\"itemscope\" itemtype=\"https:\/\/schema.org\/ImageObject\" >\n\t\t\t\t\t\t<span itemprop='url'>https:\/\/artlogic.biz\/wp-content\/uploads\/artlogic-in-Europe.png<\/span>\n\t\t\t\t\t\t<span itemprop='height'>630<\/span>\n\t\t\t\t\t\t<span itemprop='width'>1200<\/span>\n\t\t\t\t<\/span>\n\t\t\t\t<span class='av-structured-data'  itemprop=\"publisher\" itemtype=\"https:\/\/schema.org\/Organization\" itemscope=\"itemscope\" >\n\t\t\t\t\t\t<span itemprop='name'>Jose<\/span>\n\t\t\t\t\t\t<span itemprop='logo' itemscope itemtype='https:\/\/schema.org\/ImageObject'>\n\t\t\t\t\t\t\t<span itemprop='url'>https:\/\/artlogic.biz\/wp-content\/uploads\/logo2-1.png<\/span>\n\t\t\t\t\t\t<\/span>\n\t\t\t\t<\/span><span class='av-structured-data'  itemprop=\"author\" itemscope=\"itemscope\" itemtype=\"https:\/\/schema.org\/Person\" ><span itemprop='name'>Jose<\/span><\/span><span class='av-structured-data'  itemprop=\"datePublished\" datetime=\"2023-08-09T13:53:52+02:00\" >2023-08-09 13:53:52<\/span><span class='av-structured-data'  itemprop=\"dateModified\" itemtype=\"https:\/\/schema.org\/dateModified\" >2023-08-09 13:55:18<\/span><span class='av-structured-data'  itemprop=\"mainEntityOfPage\" itemtype=\"https:\/\/schema.org\/mainEntityOfPage\" ><span itemprop='name'>European crew<\/span><\/span><\/span><\/article><div class='single-big'><nav class='pagination'><span class='pagination-meta'>P\u00e0gina 1 de 10<\/span><span class='current'>1<\/span><a href='https:\/\/artlogic.biz\/ca\/wp-json\/wp\/v2\/pages\/9887\/page\/2\/' class='inactive next_page' >2<\/a><a href='https:\/\/artlogic.biz\/ca\/wp-json\/wp\/v2\/pages\/9887\/page\/3\/' class='inactive' >3<\/a><a href='https:\/\/artlogic.biz\/ca\/wp-json\/wp\/v2\/pages\/9887\/page\/2\/'>&rsaquo;<\/a><a href='https:\/\/artlogic.biz\/ca\/wp-json\/wp\/v2\/pages\/9887\/page\/10\/'>&raquo;<\/a><\/nav>\n<\/div><\/div>\n","protected":false},"excerpt":{"rendered":"","protected":false},"author":1,"featured_media":0,"parent":0,"menu_order":0,"comment_status":"closed","ping_status":"closed","template":"","meta":{"footnotes":""},"class_list":["post-9887","page","type-page","status-publish","hentry"],"yoast_head":"<!-- This site is optimized with the Yoast SEO plugin v25.7 - https:\/\/yoast.com\/wordpress\/plugins\/seo\/ -->\n<title>artlogic Barcelona Not\u00edcies<\/title>\n<meta name=\"description\" content=\"Possa&#039;t al dia amb nosaltres. Revisa el canal de not\u00edcies de la nostra sede de artlogic Espa\u00f1a.\" \/>\n<meta name=\"robots\" content=\"index, follow, max-snippet:-1, max-image-preview:large, max-video-preview:-1\" \/>\n<link rel=\"canonical\" href=\"https:\/\/artlogic.biz\/ca\/noticies\/\" \/>\n<meta property=\"og:locale\" content=\"ca_ES\" \/>\n<meta property=\"og:type\" content=\"article\" \/>\n<meta property=\"og:title\" content=\"artlogic Barcelona Not\u00edcies\" \/>\n<meta property=\"og:description\" content=\"Possa&#039;t al dia amb nosaltres. Revisa el canal de not\u00edcies de la nostra sede de artlogic Espa\u00f1a.\" \/>\n<meta property=\"og:url\" content=\"https:\/\/artlogic.biz\/ca\/noticies\/\" \/>\n<meta property=\"og:site_name\" content=\"artlogic\" \/>\n<meta property=\"article:modified_time\" content=\"2021-03-22T07:40:26+00:00\" \/>\n<meta name=\"twitter:card\" content=\"summary_large_image\" \/>\n<script type=\"application\/ld+json\" class=\"yoast-schema-graph\">{\"@context\":\"https:\/\/schema.org\",\"@graph\":[{\"@type\":\"WebPage\",\"@id\":\"https:\/\/artlogic.biz\/ca\/noticies\/\",\"url\":\"https:\/\/artlogic.biz\/ca\/noticies\/\",\"name\":\"artlogic Barcelona Not\u00edcies\",\"isPartOf\":{\"@id\":\"https:\/\/artlogic.biz\/ca\/#website\"},\"datePublished\":\"2016-09-20T10:53:03+00:00\",\"dateModified\":\"2021-03-22T07:40:26+00:00\",\"description\":\"Possa't al dia amb nosaltres. Revisa el canal de not\u00edcies de la nostra sede de artlogic Espa\u00f1a.\",\"breadcrumb\":{\"@id\":\"https:\/\/artlogic.biz\/ca\/noticies\/#breadcrumb\"},\"inLanguage\":\"ca\",\"potentialAction\":[{\"@type\":\"ReadAction\",\"target\":[\"https:\/\/artlogic.biz\/ca\/noticies\/\"]}]},{\"@type\":\"BreadcrumbList\",\"@id\":\"https:\/\/artlogic.biz\/ca\/noticies\/#breadcrumb\",\"itemListElement\":[{\"@type\":\"ListItem\",\"position\":1,\"name\":\"Home\",\"item\":\"https:\/\/artlogic.biz\/ca\/home\/\"},{\"@type\":\"ListItem\",\"position\":2,\"name\":\"Not\u00edcies\"}]},{\"@type\":\"WebSite\",\"@id\":\"https:\/\/artlogic.biz\/ca\/#website\",\"url\":\"https:\/\/artlogic.biz\/ca\/\",\"name\":\"artlogic\",\"description\":\"\",\"potentialAction\":[{\"@type\":\"SearchAction\",\"target\":{\"@type\":\"EntryPoint\",\"urlTemplate\":\"https:\/\/artlogic.biz\/ca\/?s={search_term_string}\"},\"query-input\":{\"@type\":\"PropertyValueSpecification\",\"valueRequired\":true,\"valueName\":\"search_term_string\"}}],\"inLanguage\":\"ca\"}]}<\/script>\n<!-- \/ Yoast SEO plugin. -->","yoast_head_json":{"title":"artlogic Barcelona Not\u00edcies","description":"Possa't al dia amb nosaltres. Revisa el canal de not\u00edcies de la nostra sede de artlogic Espa\u00f1a.","robots":{"index":"index","follow":"follow","max-snippet":"max-snippet:-1","max-image-preview":"max-image-preview:large","max-video-preview":"max-video-preview:-1"},"canonical":"https:\/\/artlogic.biz\/ca\/noticies\/","og_locale":"ca_ES","og_type":"article","og_title":"artlogic Barcelona Not\u00edcies","og_description":"Possa't al dia amb nosaltres. Revisa el canal de not\u00edcies de la nostra sede de artlogic Espa\u00f1a.","og_url":"https:\/\/artlogic.biz\/ca\/noticies\/","og_site_name":"artlogic","article_modified_time":"2021-03-22T07:40:26+00:00","twitter_card":"summary_large_image","schema":{"@context":"https:\/\/schema.org","@graph":[{"@type":"WebPage","@id":"https:\/\/artlogic.biz\/ca\/noticies\/","url":"https:\/\/artlogic.biz\/ca\/noticies\/","name":"artlogic Barcelona Not\u00edcies","isPartOf":{"@id":"https:\/\/artlogic.biz\/ca\/#website"},"datePublished":"2016-09-20T10:53:03+00:00","dateModified":"2021-03-22T07:40:26+00:00","description":"Possa't al dia amb nosaltres. Revisa el canal de not\u00edcies de la nostra sede de artlogic Espa\u00f1a.","breadcrumb":{"@id":"https:\/\/artlogic.biz\/ca\/noticies\/#breadcrumb"},"inLanguage":"ca","potentialAction":[{"@type":"ReadAction","target":["https:\/\/artlogic.biz\/ca\/noticies\/"]}]},{"@type":"BreadcrumbList","@id":"https:\/\/artlogic.biz\/ca\/noticies\/#breadcrumb","itemListElement":[{"@type":"ListItem","position":1,"name":"Home","item":"https:\/\/artlogic.biz\/ca\/home\/"},{"@type":"ListItem","position":2,"name":"Not\u00edcies"}]},{"@type":"WebSite","@id":"https:\/\/artlogic.biz\/ca\/#website","url":"https:\/\/artlogic.biz\/ca\/","name":"artlogic","description":"","potentialAction":[{"@type":"SearchAction","target":{"@type":"EntryPoint","urlTemplate":"https:\/\/artlogic.biz\/ca\/?s={search_term_string}"},"query-input":{"@type":"PropertyValueSpecification","valueRequired":true,"valueName":"search_term_string"}}],"inLanguage":"ca"}]}},"_links":{"self":[{"href":"https:\/\/artlogic.biz\/ca\/wp-json\/wp\/v2\/pages\/9887","targetHints":{"allow":["GET"]}}],"collection":[{"href":"https:\/\/artlogic.biz\/ca\/wp-json\/wp\/v2\/pages"}],"about":[{"href":"https:\/\/artlogic.biz\/ca\/wp-json\/wp\/v2\/types\/page"}],"author":[{"embeddable":true,"href":"https:\/\/artlogic.biz\/ca\/wp-json\/wp\/v2\/users\/1"}],"replies":[{"embeddable":true,"href":"https:\/\/artlogic.biz\/ca\/wp-json\/wp\/v2\/comments?post=9887"}],"version-history":[{"count":4,"href":"https:\/\/artlogic.biz\/ca\/wp-json\/wp\/v2\/pages\/9887\/revisions"}],"predecessor-version":[{"id":214515,"href":"https:\/\/artlogic.biz\/ca\/wp-json\/wp\/v2\/pages\/9887\/revisions\/214515"}],"wp:attachment":[{"href":"https:\/\/artlogic.biz\/ca\/wp-json\/wp\/v2\/media?parent=9887"}],"curies":[{"name":"wp","href":"https:\/\/api.w.org\/{rel}","templated":true}]}}