{"id":9873,"date":"2016-09-20T12:03:19","date_gmt":"2016-09-20T10:03:19","guid":{"rendered":"https:\/\/artlogic.biz\/ca\/?page_id=9873"},"modified":"2024-01-02T13:39:24","modified_gmt":"2024-01-02T12:39:24","slug":"avis-legal","status":"publish","type":"page","link":"https:\/\/artlogic.biz\/ca\/avis-legal\/","title":{"rendered":"Av\u00eds legal"},"content":{"rendered":"<div id='av_section_1'  class='avia-section av-av_section-ad3b4327dad618f92d67c576f22773b2 main_color avia-section-large avia-no-border-styling  avia-builder-el-0  el_before_av_hr  avia-builder-el-first  avia-bg-style-scroll container_wrap sidebar_right'  ><div class='container av-section-cont-open' ><main  role=\"main\" itemprop=\"mainContentOfPage\"  class='template-page content  av-content-small alpha units'><div class='post-entry post-entry-type-page post-entry-9873'><div class='entry-content-wrapper clearfix'>\n<section  class='av_textblock_section av-av_textblock-0366cc7376be6c9e82a3e9cc8987b64f '   itemscope=\"itemscope\" itemtype=\"https:\/\/schema.org\/CreativeWork\" ><div class='avia_textblock'  itemprop=\"text\" ><h1>Av\u00eds legal<\/h1>\n<\/div><\/section>\n\n<style type=\"text\/css\" data-created_by=\"avia_inline_auto\" id=\"style-css-av-av_one_half-9497bbf8bff73ea4c6992cc17fa9ec36\">\n.flex_column.av-av_one_half-9497bbf8bff73ea4c6992cc17fa9ec36{\nborder-radius:0px 0px 0px 0px;\npadding:0px 0px 0px 0px;\n}\n<\/style>\n<div  class='flex_column av-av_one_half-9497bbf8bff73ea4c6992cc17fa9ec36 av_one_half  avia-builder-el-2  el_after_av_textblock  el_before_av_one_half  first flex_column_div av-zero-column-padding  column-top-margin'     ><section  class='av_textblock_section av-lqw7rxk2-65aa86bb4a650006385fd094158d62df '   itemscope=\"itemscope\" itemtype=\"https:\/\/schema.org\/CreativeWork\" ><div class='avia_textblock'  itemprop=\"text\" ><p><span id=\"result_box\" class=\"\" lang=\"es\"><strong>Artlogic <span class=\"\">Espanya<\/span><\/strong><\/span><\/p>\n<p>Tel\u00e8fon: +34 902 278 564<\/p>\n<p>mail: info@artlogic.es<\/p>\n<p><strong>S\u00e8u de l&#8217;empresa<\/strong><\/p>\n<p>Crewpool Spain S.L<br \/>\nC\/ Am\u00edlcar, 195<br \/>\n08032 Barcelona<span id=\"result_box\" class=\"\" lang=\"es\"><br \/>\n<\/span><\/p>\n<p>CEO: Jose Maria Barrios Navarro<br \/>\nRegistre Mercantil: T:48899, F:32, H:B-600265<\/p>\n<\/div><\/section><\/div>\n<style type=\"text\/css\" data-created_by=\"avia_inline_auto\" id=\"style-css-av-av_one_half-9c1d454dc06f7247226bc4e8f931daae\">\n.flex_column.av-av_one_half-9c1d454dc06f7247226bc4e8f931daae{\nborder-radius:0px 0px 0px 0px;\npadding:0px 0px 0px 0px;\n}\n<\/style>\n<div  class='flex_column av-av_one_half-9c1d454dc06f7247226bc4e8f931daae av_one_half  avia-builder-el-4  el_after_av_one_half  avia-builder-el-last  flex_column_div av-zero-column-padding  column-top-margin'     ><section  class='av_textblock_section av-lqw7snc3-c2efa6c3df45cacd5960bed3c11114c5 '   itemscope=\"itemscope\" itemtype=\"https:\/\/schema.org\/CreativeWork\" ><div class='avia_textblock'  itemprop=\"text\" ><p><strong><span id=\"result_box\" class=\"\" lang=\"es\"><span class=\"\">Banc<\/span><\/span><\/strong><\/p>\n<p><span class=\"\">LA CAIXA<\/span><br \/>\n<span class=\"\">IBAN<\/span><span class=\"\">: <span style=\"font-weight: 400;\">ES02 2100 3499 2522 0003 8894<\/span><\/span><br \/>\nBIC: CAIXESBBXXX<\/p>\n<p><b>Av\u00eds de responsabilitat<\/b><\/p>\n<p>A pesar de l&#8217;atenci\u00f3 al control, no assumim cap responsabilitat per al contingut de<span class=\"hiddenGrammarError\">ls enlla\u00e7os<\/span> externs, sent l&#8217;\u00fanic responsable per al contingut el de les p\u00e0gines enlla\u00e7ades.<\/p>\n<p><b>Condicions<\/b><\/p>\n<p>Els nostres termes i condicions es poden trobar aqu\u00ed:<br \/>\n<a href=\"https:\/\/artlogic.biz\/wp-content\/uploads\/crewpoolspain_terminos-y-condiciones_010823.pdf\" target=\"_blank\" rel=\"noopener\">Format PDF per descarregar, suport del 01.08.2023.<\/a><\/p>\n<\/div><\/section><\/div><\/div><\/div><\/main><!-- close content main element --><\/div><\/div><div id='after_section_1'  class='main_color av_default_container_wrap container_wrap sidebar_right'  ><div class='container av-section-cont-open' ><div class='template-page content  av-content-small alpha units'><div class='post-entry post-entry-type-page post-entry-9873'><div class='entry-content-wrapper clearfix'><div  class='hr av-av_hr-dcd2069817a0e3d34ae04cad8f3443c7 hr-default  avia-builder-el-6  el_after_av_section  el_before_av_one_full  avia-builder-el-first '><span class='hr-inner '><span class=\"hr-inner-style\"><\/span><\/span><\/div><\/p>\n\n<style type=\"text\/css\" data-created_by=\"avia_inline_auto\" id=\"style-css-av-av_one_full-6126cab7d8fab8d08143dd2dacdf673c\">\n.flex_column.av-av_one_full-6126cab7d8fab8d08143dd2dacdf673c{\nborder-radius:0px 0px 0px 0px;\npadding:0px 0px 0px 0px;\n}\n<\/style>\n<div  class='flex_column av-av_one_full-6126cab7d8fab8d08143dd2dacdf673c av_one_full  avia-builder-el-7  el_after_av_hr  avia-builder-el-last  first flex_column_div av-zero-column-padding  '     ><section  class='av_textblock_section av-lqw7t5gl-609fff1f0b905025d23c1f89f4a32782 '   itemscope=\"itemscope\" itemtype=\"https:\/\/schema.org\/CreativeWork\" ><div class='avia_textblock'  itemprop=\"text\" ><p><b>Datos identificativos<\/b><b><br \/>\n<\/b><span style=\"font-weight: 400;\">1. Usted est\u00e1 visitando la p\u00e1gina web www.artlogic.es titularidad de CREWPOOL SPAIN, S.L con domicilio social en Calle Amilcar 195 08032 Barcelona, Espa\u00f1a, con NIF n\u00ba B56265549, inscrita en el Registro Mercantil de Madrid en el tomo 48899, Folio 32, Hoja H:B-600265, en adelante EL TITULAR.<\/span><\/p>\n<p><span style=\"font-weight: 400;\">Puede contactar con el TITULAR por cualquiera de los siguientes medios:<\/span><\/p>\n<p><span style=\"font-weight: 400;\">Tel\u00e9fono: 902 278 564.<\/span><\/p>\n<p><span style=\"font-weight: 400;\">Correo electr\u00f3nico de contacto: info@artlogic.es.<\/span><\/p>\n<p><b>Hospedaje web<\/b><\/p>\n<p><span style=\"font-weight: 400;\">Variomedia AG, August-Bebel-Str. 68, D-14482 Potsdam<\/span><\/p>\n<p><span style=\"font-weight: 400;\">Tel: +49-331-23789-0, Fax: -59, Hotline: 0800-2378900<\/span><\/p>\n<p><span style=\"font-weight: 400;\">Amtsgericht Potsdam, HRB 19749P, USt-ID: DE211928621<\/span><\/p>\n<p><span style=\"font-weight: 400;\">Vorstand: Marten Lehmann, Justus Pilgrim<\/span><\/p>\n<p><span style=\"font-weight: 400;\">Aufsichtsratsvorsitzender: Stefan Matz<\/span><\/p>\n<p><b>Usuarios<\/b><\/p>\n<ol start=\"2\">\n<li><span style=\"font-weight: 400;\"> Las presentes condiciones (en adelante Aviso Legal) tiene por finalidad regular el uso de la p\u00e1gina web de EL TITULAR que pone a disposici\u00f3n del p\u00fablico.<\/span><\/li>\n<\/ol>\n<p><span style=\"font-weight: 400;\">El acceso y\/o uso de esta p\u00e1gina web atribuye la condici\u00f3n de USUARIO, que acepta, desde dicho acceso y\/o uso, las condiciones generales de uso aqu\u00ed reflejadas. Las citadas condiciones ser\u00e1n de aplicaci\u00f3n independientemente de las condiciones generales de contrataci\u00f3n que en su caso resulten de obligado cumplimiento.<\/span><\/p>\n<p><b>Uso del portal<\/b><\/p>\n<ol start=\"3\">\n<li><span style=\"font-weight: 400;\"> www.artlogic.es proporciona el acceso a multitud de informaciones, servicios, programas o datos (en adelante, \u201clos contenidos\u201d) en Internet pertenecientes a EL TITULAR o a sus licenciantes a los que el USUARIO puede tener acceso.<\/span><\/li>\n<\/ol>\n<p><span style=\"font-weight: 400;\">El usuario asume la responsabilidad del uso del portal. Dicha responsabilidad se extiende al registro que fuese necesario para acceder a determinados servicios o contenidos. En dicho registro el USUARIO ser\u00e1 responsable de aportar informaci\u00f3n veraz y l\u00edcita. Como consecuencia de este registro, al USUARIO se le puede proporcionar una contrase\u00f1a de la que ser\u00e1 responsable, comprometi\u00e9ndose a hacer un uso diligente y confidencial de la misma.<\/span><\/p>\n<p><span style=\"font-weight: 400;\">El USUARIO se compromete a hacer un uso adecuado de los contenidos y servicios (p.e. servicios de chat, foros de discusi\u00f3n o grupos de noticias) que EL TITULAR ofrece a trav\u00e9s de su portal y con car\u00e1cter enunciativo pero no limitativo, a no emplearlos para:<\/span><\/p>\n<ul>\n<li style=\"font-weight: 400;\" aria-level=\"1\"><span style=\"font-weight: 400;\">Incurrir en actividades il\u00edcitas, ilegales o contrarias a la buena fe y al orden p\u00fablico.<\/span><\/li>\n<li style=\"font-weight: 400;\" aria-level=\"1\"><span style=\"font-weight: 400;\">Difundir contenidos o propaganda racista, xen\u00f3foba, pornogr\u00e1fico-ilegal, de apolog\u00eda del terrorismo o atentatoria contra los derechos humanos.<\/span><\/li>\n<li style=\"font-weight: 400;\" aria-level=\"1\"><span style=\"font-weight: 400;\">Provocar da\u00f1os en los sistemas f\u00edsicos y l\u00f3gicos de [Nombre de la empresa], de sus proveedores o de terceras personas, introducir o difundir en l red virus inform\u00e1ticos o cualesquiera otros sistemas f\u00edsicos o l\u00f3gicos que sean susceptibles de provocar los da\u00f1os anteriormente mencionados.<\/span><\/li>\n<li style=\"font-weight: 400;\" aria-level=\"1\"><span style=\"font-weight: 400;\">Intentar acceder y, en su caso, utilizar las cuentas de correo electr\u00f3nico de otros usuarios y modificar o manipular sus mensajes.<\/span><\/li>\n<li style=\"font-weight: 400;\" aria-level=\"1\"><span style=\"font-weight: 400;\">Utilizar el sitio web ni las informaciones que en \u00e9l se contienen con fines comerciales, pol\u00edticos, publicitarios y para cualquier uso comercial, sobre todo en el env\u00edo de correos electr\u00f3nicos no solicitados.<\/span><\/li>\n<\/ul>\n<p><span style=\"font-weight: 400;\">EL TITULAR se reserva el derecho a retirar todos aquellos comentarios y aportaciones que vulneren el respeto a la dignidad de la persona, que sean discriminatorios, xen\u00f3fobos, racistas pornogr\u00e1ficos, que atenten contra la juventud o la infancia, el orden o la seguridad p\u00fablica o que, a su juicio, no resultar\u00e1n adecuados para su publicaci\u00f3n. En cualquier caso, EL TITULAR no ser\u00e1 responsable de las opiniones vertidas por los usuarios a trav\u00e9s de los foros, chats, u otras herramientas de participaci\u00f3n.<\/span><\/p>\n<p><b>Protecci\u00f3n de datos<\/b><\/p>\n<ol start=\"4\">\n<li><span style=\"font-weight: 400;\"> Todo lo relativo a la pol\u00edtica de protecci\u00f3n de datos se encuentra recogido en el documento de pol\u00edtica de privacidad.<\/span><\/li>\n<\/ol>\n<p><b>Contenidos. Propiedad intelectual e industrial<\/b><\/p>\n<ol start=\"5\">\n<li><span style=\"font-weight: 400;\"> EL TITULAR es propietario de todos los derechos de propiedad intelectual e industrial de su p\u00e1gina web, as\u00ed como de los elementos contenidos en la misma (a t\u00edtulo enunciativo: im\u00e1genes, fotograf\u00edas, sonido, audio, v\u00eddeo, software o textos; marcas o logotipos, combinaciones de colores, estructura y dise\u00f1o, selecci\u00f3n de materiales usados, programas de ordenador necesarios para su funcionamiento, acceso y uso, etc), titularidad del TITULAR o bien de sus licenciantes.<\/span><\/li>\n<\/ol>\n<p><span style=\"font-weight: 400;\">Todos los derechos reservados. En virtud de lo dispuesto en los art\u00edculos 8 y 32.1, p\u00e1rrafo segundo, de la Ley de Propiedad Intelectual, quedan expresamente prohibidas la reproducci\u00f3n, la distribuci\u00f3n y la comunicaci\u00f3n p\u00fablica, incluida su modalidad de puesta a disposici\u00f3n, de la totalidad o parte de los contenidos de esta p\u00e1gina web, con fines comerciales, en cualquier soporte y por cualquier medio t\u00e9cnico, sin la autorizaci\u00f3n del TITULAR.<\/span><\/p>\n<p><b>Exclusi\u00f3n de garant\u00edas y responsabilidad<\/b><\/p>\n<ol start=\"6\">\n<li><span style=\"font-weight: 400;\"> EL USUARIO reconoce que la utilizaci\u00f3n de la p\u00e1gina web y de sus contenidos y servicios se desarrolla bajo su exclusiva responsabilidad. En concreto, a t\u00edtulo meramente enunciativo, EL TITULAR no asume ninguna responsabilidad en los siguientes \u00e1mbitos:<\/span><\/li>\n<\/ol>\n<ol>\n<li style=\"font-weight: 400;\" aria-level=\"1\"><span style=\"font-weight: 400;\">La disponibilidad del funcionamiento de la p\u00e1gina web, sus servicios y contenidos y su calidad o interoperabilidad.<\/span><\/li>\n<li style=\"font-weight: 400;\" aria-level=\"1\"><span style=\"font-weight: 400;\">La finalidad para la que la p\u00e1gina web sirva a los objetivos del USUARIO.<\/span><\/li>\n<li style=\"font-weight: 400;\" aria-level=\"1\"><span style=\"font-weight: 400;\">La infracci\u00f3n de la legislaci\u00f3n vigente por parte del USUARIO o terceros y, en concreto, de los derechos de propiedad intelectual e industrial que sean titularidad de otras personas o entidades.<\/span><\/li>\n<li style=\"font-weight: 400;\" aria-level=\"1\"><span style=\"font-weight: 400;\">La existencia de c\u00f3digos maliciosos o cualquier otro elemento inform\u00e1tico da\u00f1ino que pudiera causar el sistema inform\u00e1tico del USUARIO o de terceros. Corresponde al USUARIO, en todo caso, disponer de herramientas adecuadas para la detecci\u00f3n y desinfecci\u00f3n de estos elementos.<\/span><\/li>\n<li style=\"font-weight: 400;\" aria-level=\"1\"><span style=\"font-weight: 400;\">El acceso fraudulento a los contenidos o servicios por terceos no autorizados, o, en su caso, la captura, eliminaci\u00f3n, alteraci\u00f3n, modificaci\u00f3n o manipulaci\u00f3n de los mensajes y comunicaciones de cualquier clase que dichos terceros pudiera realizar.<\/span><\/li>\n<li style=\"font-weight: 400;\" aria-level=\"1\"><span style=\"font-weight: 400;\">La exactitud, veracidad, actualidad y utilidad de los contenidos y servicios ofrecidos y la utilizaci\u00f3n posterior que de ellos haga el USUARIO. EL TITULAR emplear\u00e1 todos los esfuerzos y medios razonables para facilitar la informaci\u00f3n actualizada y fehaciente.<\/span><\/li>\n<li style=\"font-weight: 400;\" aria-level=\"1\"><span style=\"font-weight: 400;\">Los da\u00f1os producidos a equipos inform\u00e1ticos durante el acceso a la p\u00e1gina web y los da\u00f1os producidos a los USUARIOS cuando tengan su origen en fallos o desconexiones en las redes de telecomunicaciones que interrumpan el servicio.<\/span><\/li>\n<li style=\"font-weight: 400;\" aria-level=\"1\"><span style=\"font-weight: 400;\">Los da\u00f1os o perjuicios que se deriven de circunstancias acaecidas por caso fortuito o fuerza mayor.<\/span><\/li>\n<\/ol>\n<p><span style=\"font-weight: 400;\">En caso de que existan foros, el uso de los mismos u otros espacios an\u00e1logos, ha de tenerse en cuenta que los mensajes reflejen \u00fanicamente la opini\u00f3n del USUARIO que los remite, que es el \u00fanico responsable. EL TITULAR no se hace responsable del contenido del los mensajes enviados por el USUARIO.<\/span><\/p>\n<p><b>Modificaci\u00f3n de este aviso legal y duraci\u00f3n<\/b><\/p>\n<ol start=\"7\">\n<li><span style=\"font-weight: 400;\"> EL TITULAR se reserva el derecho de efectuar sin previo aviso las modificaciones que considere oportunas en su portal, pudiendo cambiar, suprimir o a\u00f1adir tantos contenidos y servicios que se presten a trav\u00e9s de la misma, como la forma en la que \u00e9stos aparezcan representados o localizados en su portal.<\/span><\/li>\n<\/ol>\n<p><span style=\"font-weight: 400;\">La vigencia de las citadas condiciones ir\u00e1 en funci\u00f3n de su exposici\u00f3n y estar\u00e1n vigentes hasta que sean modificadas por otras debidamente publicadas.<\/span><\/p>\n<p><b>Enlaces<\/b><\/p>\n<ol start=\"8\">\n<li><span style=\"font-weight: 400;\"> En el caso de que en www.artlogic.es se incluyesen enlaces o hiperv\u00ednculos hacia otros sitios de Internet, EL TITULAR no ejercer\u00e1 ning\u00fan tipo de control sobre dichos sitios y contenidos. En ning\u00fan caso EL TITULAR asumir\u00e1 responsabilidad alguna por los contenidos de alg\u00fan enlace perteneciente a un sitio web ajeno, ni garantizar\u00e1 la disponibilidad t\u00e9cnica, calidad, fiabilidad, exactitud, amplitud, veracidad, validez y constitucionalidad de cualquier materia o informaci\u00f3n contenida en ninguno de dichos hiperv\u00ednculos y otros sitios en Internet. Igualmente, la inclusi\u00f3n de estas conexiones externas no implicar\u00e1 ning\u00fan tipo de asociaci\u00f3n, fusi\u00f3n o participaci\u00f3n con las entidades conectadas.<\/span><\/li>\n<\/ol>\n<p><b>Derechos de exclusi\u00f3n<\/b><\/p>\n<ol start=\"9\">\n<li><span style=\"font-weight: 400;\"> EL TITULAR ser reserva el derecho a denegar o retirar el acceso a portal y\/o los servicios ofrecidos sin necesidad de advertencia previa, a instancia propia o de un tercero, a aquellos usuarios que incumplan el contenido de este aviso legal.<\/span><\/li>\n<\/ol>\n<p><b>Generalidades<\/b><\/p>\n<ol start=\"10\">\n<li><span style=\"font-weight: 400;\"> EL TITULAR perseguir\u00e1 el incumplimiento de las presentes condiciones, as\u00ed como cualquier utilizaci\u00f3n indebida de su portal ejerciendo todas las acciones civiles y penales que le puedan corresponder en derecho.<\/span><\/li>\n<\/ol>\n<p><b>Legislaci\u00f3n aplicable y jurisdicci\u00f3n<\/b><\/p>\n<ol start=\"11\">\n<li><span style=\"font-weight: 400;\"> La relaci\u00f3n entre EL TITULAR y EL USUARIO se regir\u00e1 por la normativa espa\u00f1ola vigente. Todas las disputas y reclamaciones derivadas de este aviso legal se resolver\u00e1n por los juzgados y tribunales espa\u00f1oles.<\/span><\/li>\n<\/ol>\n<p><b>Menores de edad<\/b><\/p>\n<ol start=\"12\">\n<li><span style=\"font-weight: 400;\"> www.artlogic.es dirige sus servicios a usuarios mayores de 18 a\u00f1os. Los menores de esta edad no est\u00e1n autorizados a utilizar nuestros servicios y no deber\u00e1n, por tanto, enviarnos sus datos personales. Informamos de qu\u00e9 si se da tal circunstancia, <\/span><b>CREWPOOL SPAIN, S.L<\/b><span style=\"font-weight: 400;\"> no se hace responsable de las posibles consecuencias que pudieran derivarse del incumplimiento del aviso que en esta misma cl\u00e1usula se establece.<\/span><\/li>\n<\/ol>\n<\/div><\/section><\/div>\n","protected":false},"excerpt":{"rendered":"","protected":false},"author":1,"featured_media":0,"parent":0,"menu_order":0,"comment_status":"closed","ping_status":"closed","template":"","meta":{"footnotes":""},"class_list":["post-9873","page","type-page","status-publish","hentry"],"yoast_head":"<!-- This site is optimized with the Yoast SEO plugin v25.7 - https:\/\/yoast.com\/wordpress\/plugins\/seo\/ -->\n<title>Av\u00eds legal - artlogic<\/title>\n<meta name=\"robots\" content=\"noindex, follow\" \/>\n<meta property=\"og:locale\" content=\"ca_ES\" \/>\n<meta property=\"og:type\" content=\"article\" \/>\n<meta property=\"og:title\" content=\"Av\u00eds legal - artlogic\" \/>\n<meta property=\"og:url\" content=\"https:\/\/artlogic.biz\/ca\/avis-legal\/\" \/>\n<meta property=\"og:site_name\" content=\"artlogic\" \/>\n<meta property=\"article:modified_time\" content=\"2024-01-02T12:39:24+00:00\" \/>\n<meta name=\"twitter:card\" content=\"summary_large_image\" \/>\n<meta name=\"twitter:label1\" content=\"Temps estimat de lectura\" \/>\n\t<meta name=\"twitter:data1\" content=\"10 minuts\" \/>\n<script type=\"application\/ld+json\" class=\"yoast-schema-graph\">{\"@context\":\"https:\/\/schema.org\",\"@graph\":[{\"@type\":\"WebPage\",\"@id\":\"https:\/\/artlogic.biz\/ca\/avis-legal\/\",\"url\":\"https:\/\/artlogic.biz\/ca\/avis-legal\/\",\"name\":\"Av\u00eds legal - artlogic\",\"isPartOf\":{\"@id\":\"https:\/\/artlogic.biz\/ca\/#website\"},\"datePublished\":\"2016-09-20T10:03:19+00:00\",\"dateModified\":\"2024-01-02T12:39:24+00:00\",\"breadcrumb\":{\"@id\":\"https:\/\/artlogic.biz\/ca\/avis-legal\/#breadcrumb\"},\"inLanguage\":\"ca\",\"potentialAction\":[{\"@type\":\"ReadAction\",\"target\":[\"https:\/\/artlogic.biz\/ca\/avis-legal\/\"]}]},{\"@type\":\"BreadcrumbList\",\"@id\":\"https:\/\/artlogic.biz\/ca\/avis-legal\/#breadcrumb\",\"itemListElement\":[{\"@type\":\"ListItem\",\"position\":1,\"name\":\"Home\",\"item\":\"https:\/\/artlogic.biz\/ca\/home\/\"},{\"@type\":\"ListItem\",\"position\":2,\"name\":\"Av\u00eds legal\"}]},{\"@type\":\"WebSite\",\"@id\":\"https:\/\/artlogic.biz\/ca\/#website\",\"url\":\"https:\/\/artlogic.biz\/ca\/\",\"name\":\"artlogic\",\"description\":\"\",\"potentialAction\":[{\"@type\":\"SearchAction\",\"target\":{\"@type\":\"EntryPoint\",\"urlTemplate\":\"https:\/\/artlogic.biz\/ca\/?s={search_term_string}\"},\"query-input\":{\"@type\":\"PropertyValueSpecification\",\"valueRequired\":true,\"valueName\":\"search_term_string\"}}],\"inLanguage\":\"ca\"}]}<\/script>\n<!-- \/ Yoast SEO plugin. -->","yoast_head_json":{"title":"Av\u00eds legal - artlogic","robots":{"index":"noindex","follow":"follow"},"og_locale":"ca_ES","og_type":"article","og_title":"Av\u00eds legal - artlogic","og_url":"https:\/\/artlogic.biz\/ca\/avis-legal\/","og_site_name":"artlogic","article_modified_time":"2024-01-02T12:39:24+00:00","twitter_card":"summary_large_image","twitter_misc":{"Temps estimat de lectura":"10 minuts"},"schema":{"@context":"https:\/\/schema.org","@graph":[{"@type":"WebPage","@id":"https:\/\/artlogic.biz\/ca\/avis-legal\/","url":"https:\/\/artlogic.biz\/ca\/avis-legal\/","name":"Av\u00eds legal - artlogic","isPartOf":{"@id":"https:\/\/artlogic.biz\/ca\/#website"},"datePublished":"2016-09-20T10:03:19+00:00","dateModified":"2024-01-02T12:39:24+00:00","breadcrumb":{"@id":"https:\/\/artlogic.biz\/ca\/avis-legal\/#breadcrumb"},"inLanguage":"ca","potentialAction":[{"@type":"ReadAction","target":["https:\/\/artlogic.biz\/ca\/avis-legal\/"]}]},{"@type":"BreadcrumbList","@id":"https:\/\/artlogic.biz\/ca\/avis-legal\/#breadcrumb","itemListElement":[{"@type":"ListItem","position":1,"name":"Home","item":"https:\/\/artlogic.biz\/ca\/home\/"},{"@type":"ListItem","position":2,"name":"Av\u00eds legal"}]},{"@type":"WebSite","@id":"https:\/\/artlogic.biz\/ca\/#website","url":"https:\/\/artlogic.biz\/ca\/","name":"artlogic","description":"","potentialAction":[{"@type":"SearchAction","target":{"@type":"EntryPoint","urlTemplate":"https:\/\/artlogic.biz\/ca\/?s={search_term_string}"},"query-input":{"@type":"PropertyValueSpecification","valueRequired":true,"valueName":"search_term_string"}}],"inLanguage":"ca"}]}},"_links":{"self":[{"href":"https:\/\/artlogic.biz\/ca\/wp-json\/wp\/v2\/pages\/9873","targetHints":{"allow":["GET"]}}],"collection":[{"href":"https:\/\/artlogic.biz\/ca\/wp-json\/wp\/v2\/pages"}],"about":[{"href":"https:\/\/artlogic.biz\/ca\/wp-json\/wp\/v2\/types\/page"}],"author":[{"embeddable":true,"href":"https:\/\/artlogic.biz\/ca\/wp-json\/wp\/v2\/users\/1"}],"replies":[{"embeddable":true,"href":"https:\/\/artlogic.biz\/ca\/wp-json\/wp\/v2\/comments?post=9873"}],"version-history":[{"count":13,"href":"https:\/\/artlogic.biz\/ca\/wp-json\/wp\/v2\/pages\/9873\/revisions"}],"predecessor-version":[{"id":545008,"href":"https:\/\/artlogic.biz\/ca\/wp-json\/wp\/v2\/pages\/9873\/revisions\/545008"}],"wp:attachment":[{"href":"https:\/\/artlogic.biz\/ca\/wp-json\/wp\/v2\/media?parent=9873"}],"curies":[{"name":"wp","href":"https:\/\/api.w.org\/{rel}","templated":true}]}}