{"id":3963,"date":"2016-09-07T15:36:49","date_gmt":"2016-09-07T13:36:49","guid":{"rendered":"http:\/\/www.artlogic.biz\/at\/?page_id=3963"},"modified":"2026-01-21T14:00:28","modified_gmt":"2026-01-21T13:00:28","slug":"jobs","status":"publish","type":"page","link":"https:\/\/artlogic.biz\/at\/jobs\/","title":{"rendered":"Jobs"},"content":{"rendered":"\n<style type=\"text\/css\" data-created_by=\"avia_inline_auto\" id=\"style-css-av-g58anv-03df68b73cb71386cffe799b3ef044f5\">\n.avia-section.av-g58anv-03df68b73cb71386cffe799b3ef044f5{\nbackground-color:#ebeded;\nbackground-image:unset;\n}\n<\/style>\n<div id='av_section_1'  class='avia-section av-g58anv-03df68b73cb71386cffe799b3ef044f5 main_color avia-section-large avia-no-border-styling  avia-builder-el-0  avia-builder-el-no-sibling  avia-bg-style-scroll container_wrap sidebar_right'  ><div class='container av-section-cont-open' ><main  role=\"main\" itemprop=\"mainContentOfPage\"  class='template-page content  av-content-small alpha units'><div class='post-entry post-entry-type-page post-entry-3963'><div class='entry-content-wrapper clearfix'>\n<section  class='av_textblock_section av-drdl8b-c2968e7cbf4f0d2ba3f26a4765aa89bc '   itemscope=\"itemscope\" itemtype=\"https:\/\/schema.org\/CreativeWork\" ><div class='avia_textblock'  itemprop=\"text\" ><h1 style=\"text-align: center;\">artlogic Jobs<\/h1>\n<\/div><\/section>\n\n<style type=\"text\/css\" data-created_by=\"avia_inline_auto\" id=\"style-css-av-d3z95n-6cc56c718807beaeec24a7253ca1b630\">\n#top .hr.av-d3z95n-6cc56c718807beaeec24a7253ca1b630{\nmargin-top:30px;\nmargin-bottom:30px;\n}\n.hr.av-d3z95n-6cc56c718807beaeec24a7253ca1b630 .hr-inner{\nwidth:50px;\nborder-color:#d40c29;\n}\n<\/style>\n<div  class='hr av-d3z95n-6cc56c718807beaeec24a7253ca1b630 hr-custom  avia-builder-el-2  el_after_av_textblock  el_before_av_textblock  hr-center hr-icon-no'><span class='hr-inner inner-border-av-border-fat'><span class=\"hr-inner-style\"><\/span><\/span><\/div>\n\n<style type=\"text\/css\" data-created_by=\"avia_inline_auto\" id=\"style-css-av-kmaol6ng-f8ffc4a35130d1aa6c5e841c4a13b408\">\n#top .av_textblock_section.av-kmaol6ng-f8ffc4a35130d1aa6c5e841c4a13b408 .avia_textblock{\nfont-size:19px;\n}\n<\/style>\n<section  class='av_textblock_section av-kmaol6ng-f8ffc4a35130d1aa6c5e841c4a13b408 '   itemscope=\"itemscope\" itemtype=\"https:\/\/schema.org\/CreativeWork\" ><div class='avia_textblock'  itemprop=\"text\" ><p style=\"text-align: center;\">Mitarbeiter im Veranstaltungsbereich gesucht!<\/p>\n<p style=\"text-align: center;\"><strong>STAGEHAND WANTED<\/strong><\/p>\n<p style=\"text-align: center;\">Wir suchen laufend neue Mitarbeiter f\u00fcr unsere Crew.<\/p>\n<p style=\"text-align: center;\">Sind Sie k\u00f6rperlich belastbar und wollten immer schon mal vor und hinter der B\u00fchne arbeiten?<\/p>\n<p style=\"text-align: center;\">Haben Sie Lust auf einen abwechslungsreichen Job, der sich individuell zeitlich planen l\u00e4\u00dft?<\/p>\n<p style=\"text-align: center;\">Auch f\u00fcr Studenten oder als flexibler Nebenjob ideal.<\/p>\n<p style=\"text-align: center;\">Transparenz ist uns wichtig!<\/p>\n<p style=\"text-align: center;\">Zur Unterst\u00fctzung hat jeder Mitarbeiter ein Login, dieses bietet die \u00dcbersicht von der Jobanfrage \u00fcber die Job Daten bis zur Abrechnung,<\/p>\n<p style=\"text-align: center;\">Auf dieser Seiten finden sich alle offenen Stellen.<\/p>\n<\/div><\/section>\n\n<style type=\"text\/css\" data-created_by=\"avia_inline_auto\" id=\"style-css-av-1tpwt7-5ec0fd91a2aad015fa9bcfc67b251cb1\">\n#top .hr.hr-invisible.av-1tpwt7-5ec0fd91a2aad015fa9bcfc67b251cb1{\nheight:30px;\n}\n<\/style>\n<div  class='hr av-1tpwt7-5ec0fd91a2aad015fa9bcfc67b251cb1 hr-invisible  avia-builder-el-4  el_after_av_textblock  el_before_av_button '><span class='hr-inner '><span class=\"hr-inner-style\"><\/span><\/span><\/div>\n<div  class='avia-button-wrap av-mko15oqk-525e20623a8caf0ee7b3604d336e8caa-wrap avia-button-center  avia-builder-el-5  el_after_av_hr  avia-builder-el-last '>\n<style type=\"text\/css\" data-created_by=\"avia_inline_auto\" id=\"style-css-av-mko15oqk-525e20623a8caf0ee7b3604d336e8caa\">\n#top #wrap_all .avia-button.av-mko15oqk-525e20623a8caf0ee7b3604d336e8caa:hover{\ncolor:white;\ntransition:all 0.4s ease-in-out;\n}\n#top #wrap_all .avia-button.av-mko15oqk-525e20623a8caf0ee7b3604d336e8caa:hover .avia-svg-icon svg:first-child{\nfill:white;\nstroke:white;\n}\n<\/style>\n<a href='https:\/\/jobs.artlogic.at\/'  class='avia-button av-mko15oqk-525e20623a8caf0ee7b3604d336e8caa av-link-btn avia-icon_select-no avia-size-x-large avia-position-center avia-color-theme-color avia-font-color-white'  target=\"_blank\"  rel=\"noopener noreferrer\" title=\"Jobs ansehen\" aria-label=\"Jobs ansehen\"><span class='avia_iconbox_title' >Jobs ansehen<\/span><span class='avia_button_background avia-button avia-color-theme-color-highlight' ><\/span><\/a><\/div>\n<\/div><\/div><\/main><!-- close content main element --><\/div><\/div><div id='after_section_1'  class='main_color av_default_container_wrap container_wrap sidebar_right'  ><div class='container av-section-cont-open' ><div class='template-page content  av-content-small alpha units'><div class='post-entry post-entry-type-page post-entry-3963'><div class='entry-content-wrapper clearfix'>\n","protected":false},"excerpt":{"rendered":"","protected":false},"author":1,"featured_media":0,"parent":0,"menu_order":0,"comment_status":"closed","ping_status":"closed","template":"","meta":{"footnotes":""},"class_list":["post-3963","page","type-page","status-publish","hentry"],"yoast_head":"<!-- This site is optimized with the Yoast SEO plugin v25.7 - https:\/\/yoast.com\/wordpress\/plugins\/seo\/ -->\n<title>Event - Jobs - Stagehand - Join the Crew - artlogic.at<\/title>\n<meta name=\"description\" content=\"JOIN THE CREW Mitarbeiter im Veranstaltungsbereich gesucht! STAGEHAND WANTED ! Wir suchen laufend neue Mitarbeiter f\u00fcr unsere Crew.\" \/>\n<meta name=\"robots\" content=\"index, follow, max-snippet:-1, max-image-preview:large, max-video-preview:-1\" \/>\n<link rel=\"canonical\" href=\"https:\/\/artlogic.biz\/at\/jobs\/\" \/>\n<meta property=\"og:locale\" content=\"de_DE\" \/>\n<meta property=\"og:type\" content=\"article\" \/>\n<meta property=\"og:title\" content=\"Event - Jobs - Stagehand - Join the Crew - artlogic.at\" \/>\n<meta property=\"og:description\" content=\"JOIN THE CREW Mitarbeiter im Veranstaltungsbereich gesucht! STAGEHAND WANTED ! Wir suchen laufend neue Mitarbeiter f\u00fcr unsere Crew.\" \/>\n<meta property=\"og:url\" content=\"https:\/\/artlogic.biz\/at\/jobs\/\" \/>\n<meta property=\"og:site_name\" content=\"artlogic\" \/>\n<meta property=\"article:modified_time\" content=\"2026-01-21T13:00:28+00:00\" \/>\n<meta name=\"twitter:card\" content=\"summary_large_image\" \/>\n<meta name=\"twitter:label1\" content=\"Gesch\u00e4tzte Lesezeit\" \/>\n\t<meta name=\"twitter:data1\" content=\"3 Minuten\" \/>\n<script type=\"application\/ld+json\" class=\"yoast-schema-graph\">{\"@context\":\"https:\/\/schema.org\",\"@graph\":[{\"@type\":\"WebPage\",\"@id\":\"https:\/\/artlogic.biz\/at\/jobs\/\",\"url\":\"https:\/\/artlogic.biz\/at\/jobs\/\",\"name\":\"Event - Jobs - Stagehand - Join the Crew - artlogic.at\",\"isPartOf\":{\"@id\":\"https:\/\/artlogic.biz\/at\/#website\"},\"datePublished\":\"2016-09-07T13:36:49+00:00\",\"dateModified\":\"2026-01-21T13:00:28+00:00\",\"description\":\"JOIN THE CREW Mitarbeiter im Veranstaltungsbereich gesucht! STAGEHAND WANTED ! Wir suchen laufend neue Mitarbeiter f\u00fcr unsere Crew.\",\"breadcrumb\":{\"@id\":\"https:\/\/artlogic.biz\/at\/jobs\/#breadcrumb\"},\"inLanguage\":\"de-AT\",\"potentialAction\":[{\"@type\":\"ReadAction\",\"target\":[\"https:\/\/artlogic.biz\/at\/jobs\/\"]}]},{\"@type\":\"BreadcrumbList\",\"@id\":\"https:\/\/artlogic.biz\/at\/jobs\/#breadcrumb\",\"itemListElement\":[{\"@type\":\"ListItem\",\"position\":1,\"name\":\"Home\",\"item\":\"https:\/\/artlogic.biz\/at\/\"},{\"@type\":\"ListItem\",\"position\":2,\"name\":\"Jobs\"}]},{\"@type\":\"WebSite\",\"@id\":\"https:\/\/artlogic.biz\/at\/#website\",\"url\":\"https:\/\/artlogic.biz\/at\/\",\"name\":\"artlogic\",\"description\":\"\",\"potentialAction\":[{\"@type\":\"SearchAction\",\"target\":{\"@type\":\"EntryPoint\",\"urlTemplate\":\"https:\/\/artlogic.biz\/at\/?s={search_term_string}\"},\"query-input\":{\"@type\":\"PropertyValueSpecification\",\"valueRequired\":true,\"valueName\":\"search_term_string\"}}],\"inLanguage\":\"de-AT\"}]}<\/script>\n<!-- \/ Yoast SEO plugin. -->","yoast_head_json":{"title":"Event - Jobs - Stagehand - Join the Crew - artlogic.at","description":"JOIN THE CREW Mitarbeiter im Veranstaltungsbereich gesucht! STAGEHAND WANTED ! Wir suchen laufend neue Mitarbeiter f\u00fcr unsere Crew.","robots":{"index":"index","follow":"follow","max-snippet":"max-snippet:-1","max-image-preview":"max-image-preview:large","max-video-preview":"max-video-preview:-1"},"canonical":"https:\/\/artlogic.biz\/at\/jobs\/","og_locale":"de_DE","og_type":"article","og_title":"Event - Jobs - Stagehand - Join the Crew - artlogic.at","og_description":"JOIN THE CREW Mitarbeiter im Veranstaltungsbereich gesucht! STAGEHAND WANTED ! Wir suchen laufend neue Mitarbeiter f\u00fcr unsere Crew.","og_url":"https:\/\/artlogic.biz\/at\/jobs\/","og_site_name":"artlogic","article_modified_time":"2026-01-21T13:00:28+00:00","twitter_card":"summary_large_image","twitter_misc":{"Gesch\u00e4tzte Lesezeit":"3 Minuten"},"schema":{"@context":"https:\/\/schema.org","@graph":[{"@type":"WebPage","@id":"https:\/\/artlogic.biz\/at\/jobs\/","url":"https:\/\/artlogic.biz\/at\/jobs\/","name":"Event - Jobs - Stagehand - Join the Crew - artlogic.at","isPartOf":{"@id":"https:\/\/artlogic.biz\/at\/#website"},"datePublished":"2016-09-07T13:36:49+00:00","dateModified":"2026-01-21T13:00:28+00:00","description":"JOIN THE CREW Mitarbeiter im Veranstaltungsbereich gesucht! STAGEHAND WANTED ! Wir suchen laufend neue Mitarbeiter f\u00fcr unsere Crew.","breadcrumb":{"@id":"https:\/\/artlogic.biz\/at\/jobs\/#breadcrumb"},"inLanguage":"de-AT","potentialAction":[{"@type":"ReadAction","target":["https:\/\/artlogic.biz\/at\/jobs\/"]}]},{"@type":"BreadcrumbList","@id":"https:\/\/artlogic.biz\/at\/jobs\/#breadcrumb","itemListElement":[{"@type":"ListItem","position":1,"name":"Home","item":"https:\/\/artlogic.biz\/at\/"},{"@type":"ListItem","position":2,"name":"Jobs"}]},{"@type":"WebSite","@id":"https:\/\/artlogic.biz\/at\/#website","url":"https:\/\/artlogic.biz\/at\/","name":"artlogic","description":"","potentialAction":[{"@type":"SearchAction","target":{"@type":"EntryPoint","urlTemplate":"https:\/\/artlogic.biz\/at\/?s={search_term_string}"},"query-input":{"@type":"PropertyValueSpecification","valueRequired":true,"valueName":"search_term_string"}}],"inLanguage":"de-AT"}]}},"_links":{"self":[{"href":"https:\/\/artlogic.biz\/at\/wp-json\/wp\/v2\/pages\/3963","targetHints":{"allow":["GET"]}}],"collection":[{"href":"https:\/\/artlogic.biz\/at\/wp-json\/wp\/v2\/pages"}],"about":[{"href":"https:\/\/artlogic.biz\/at\/wp-json\/wp\/v2\/types\/page"}],"author":[{"embeddable":true,"href":"https:\/\/artlogic.biz\/at\/wp-json\/wp\/v2\/users\/1"}],"replies":[{"embeddable":true,"href":"https:\/\/artlogic.biz\/at\/wp-json\/wp\/v2\/comments?post=3963"}],"version-history":[{"count":21,"href":"https:\/\/artlogic.biz\/at\/wp-json\/wp\/v2\/pages\/3963\/revisions"}],"predecessor-version":[{"id":702218,"href":"https:\/\/artlogic.biz\/at\/wp-json\/wp\/v2\/pages\/3963\/revisions\/702218"}],"wp:attachment":[{"href":"https:\/\/artlogic.biz\/at\/wp-json\/wp\/v2\/media?parent=3963"}],"curies":[{"name":"wp","href":"https:\/\/api.w.org\/{rel}","templated":true}]}}