{"id":3884,"date":"2016-09-07T13:06:33","date_gmt":"2016-09-07T11:06:33","guid":{"rendered":"http:\/\/www.artlogic.biz\/at\/?page_id=3884"},"modified":"2024-03-26T17:31:26","modified_gmt":"2024-03-26T16:31:26","slug":"impressum-artlogic-event-personal-management-gmbh-wien","status":"publish","type":"page","link":"https:\/\/artlogic.biz\/at\/impressum-artlogic-event-personal-management-gmbh-wien\/","title":{"rendered":"Impressum"},"content":{"rendered":"<div id='av_section_1'  class='avia-section av-96yb18-dd5a99e6dfaeb6c6493490e9a0501c74 main_color avia-section-large avia-no-border-styling  avia-builder-el-0  avia-builder-el-no-sibling  avia-bg-style-scroll container_wrap sidebar_right'  ><div class='container av-section-cont-open' ><main  role=\"main\" itemprop=\"mainContentOfPage\"  class='template-page content  av-content-small alpha units'><div class='post-entry post-entry-type-page post-entry-3884'><div class='entry-content-wrapper clearfix'>\n<section  class='av_textblock_section av-7wrpn0-7a93ef1a8703fd4eefff5223bc7b2647 '   itemscope=\"itemscope\" itemtype=\"https:\/\/schema.org\/CreativeWork\" ><div class='avia_textblock'  itemprop=\"text\" ><h1>Impressum<\/h1>\n<\/div><\/section>\n\n<style type=\"text\/css\" data-created_by=\"avia_inline_auto\" id=\"style-css-av-67ufb0-b9cfec0c08ee78fa3f85f576499ec020\">\n.flex_column.av-67ufb0-b9cfec0c08ee78fa3f85f576499ec020{\nborder-radius:0px 0px 0px 0px;\npadding:0px 0px 0px 0px;\n}\n<\/style>\n<div  class='flex_column av-67ufb0-b9cfec0c08ee78fa3f85f576499ec020 av_one_half  avia-builder-el-2  el_after_av_textblock  el_before_av_one_half  first flex_column_div av-zero-column-padding  column-top-margin'     ><section  class='av_textblock_section av-3p0j98-dc50fa9eabfcc7be4eb3b62c41b2f638 '   itemscope=\"itemscope\" itemtype=\"https:\/\/schema.org\/CreativeWork\" ><div class='avia_textblock'  itemprop=\"text\" ><p><b>artlogic Event &amp; Personal Management GmbH<br \/>\n<\/b><\/p>\n<p>fon: +43 1 8901 259 00<br \/>\nmail: <a href=\"dispo@artlogic.at\">dispo@artlogic.at<\/a><\/p>\n<p><b>Sitz der Gesellschaft<\/b><\/p>\n<p>artlogic Event &amp; Personal Management GmbH<br \/>\nH\u00fctteldorfer Stra\u00dfe 139\/G2<br \/>\nA-1140 Wien<\/p>\n<p>Gesch\u00e4ftsf\u00fchrer: Martin Haumer<br \/>\nFN 304173 p, Handelsgericht Wien, UID-Nr: ATU 6387 1457<\/p>\n<\/div><\/section><\/div>\n<style type=\"text\/css\" data-created_by=\"avia_inline_auto\" id=\"style-css-av-36qb9o-e7d3fda6a54ec06440fe169b0476c785\">\n.flex_column.av-36qb9o-e7d3fda6a54ec06440fe169b0476c785{\nborder-radius:0px 0px 0px 0px;\npadding:0px 0px 0px 0px;\n}\n<\/style>\n<div  class='flex_column av-36qb9o-e7d3fda6a54ec06440fe169b0476c785 av_one_half  avia-builder-el-4  el_after_av_one_half  avia-builder-el-last  flex_column_div av-zero-column-padding  column-top-margin'     ><section  class='av_textblock_section av-kg7ox0b5-b54ec33d565d342ae0c954ffbfa03b83 '   itemscope=\"itemscope\" itemtype=\"https:\/\/schema.org\/CreativeWork\" ><div class='avia_textblock'  itemprop=\"text\" ><p><b>Bankverbindung<\/b><\/p>\n<p>Raiffeisenbank NOE-Wien<br \/>\nIBAN: AT41 3200 0000 1213 9671<br \/>\nBIC: RLNWATWW<\/p>\n<p><b>Haftungshinweis<\/b><\/p>\n<p>Trotz sorgf\u00e4ltiger inhaltlicher Kontrolle \u00fcbernehmen wir keine Haftung f\u00fcr die Inhalte externer Links. F\u00fcr den Inhalt der verlinkten Seiten sind ausschlie\u00dflich deren Betreiber verantwortlich.<\/p>\n<p><b>Allgemeine Gesch\u00e4ftsbedingungen<\/b><\/p>\n<p>Unsere allgemeinen Gesch\u00e4ftsbedingungen finden Sie hier:<br \/>\n<a href=\"https:\/\/artlogic.biz\/agb-at.pdf\" target=\"_blank\" rel=\"noopener\">Allgemeine Gesch\u00e4ftsbedingungen als pdf zum Download, Stand 08.10.2020<\/a>.<\/p>\n<\/div><\/section><\/div><\/div><\/div><\/main><!-- close content main element --><\/div><\/div><div id='after_section_1'  class='main_color av_default_container_wrap container_wrap sidebar_right'  ><div class='container av-section-cont-open' ><div class='template-page content  av-content-small alpha units'><div class='post-entry post-entry-type-page post-entry-3884'><div class='entry-content-wrapper clearfix'>\n","protected":false},"excerpt":{"rendered":"","protected":false},"author":1,"featured_media":0,"parent":0,"menu_order":0,"comment_status":"closed","ping_status":"closed","template":"","meta":{"footnotes":""},"class_list":["post-3884","page","type-page","status-publish","hentry"],"yoast_head":"<!-- This site is optimized with the Yoast SEO plugin v25.7 - https:\/\/yoast.com\/wordpress\/plugins\/seo\/ -->\n<title>Impressum - artlogic<\/title>\n<meta name=\"description\" content=\"artlogic Event &amp; Personal Management GmbH, Disposition, H\u00fctteldorfer Strasse 139\/G2, 1140 Wien, \u00d6sterreich\" \/>\n<meta name=\"robots\" content=\"noindex, follow\" \/>\n<meta property=\"og:locale\" content=\"de_DE\" \/>\n<meta property=\"og:type\" content=\"article\" \/>\n<meta property=\"og:title\" content=\"Impressum - artlogic\" \/>\n<meta property=\"og:description\" content=\"artlogic Event &amp; Personal Management GmbH, Disposition, H\u00fctteldorfer Strasse 139\/G2, 1140 Wien, \u00d6sterreich\" \/>\n<meta property=\"og:url\" content=\"https:\/\/artlogic.biz\/at\/impressum-artlogic-event-personal-management-gmbh-wien\/\" \/>\n<meta property=\"og:site_name\" content=\"artlogic\" \/>\n<meta property=\"article:modified_time\" content=\"2024-03-26T16:31:26+00:00\" \/>\n<meta name=\"twitter:card\" content=\"summary_large_image\" \/>\n<meta name=\"twitter:label1\" content=\"Gesch\u00e4tzte Lesezeit\" \/>\n\t<meta name=\"twitter:data1\" content=\"2 Minuten\" \/>\n<script type=\"application\/ld+json\" class=\"yoast-schema-graph\">{\"@context\":\"https:\/\/schema.org\",\"@graph\":[{\"@type\":\"WebPage\",\"@id\":\"https:\/\/artlogic.biz\/at\/impressum-artlogic-event-personal-management-gmbh-wien\/\",\"url\":\"https:\/\/artlogic.biz\/at\/impressum-artlogic-event-personal-management-gmbh-wien\/\",\"name\":\"Impressum - artlogic\",\"isPartOf\":{\"@id\":\"https:\/\/artlogic.biz\/at\/#website\"},\"datePublished\":\"2016-09-07T11:06:33+00:00\",\"dateModified\":\"2024-03-26T16:31:26+00:00\",\"description\":\"artlogic Event & Personal Management GmbH, Disposition, H\u00fctteldorfer Strasse 139\/G2, 1140 Wien, \u00d6sterreich\",\"breadcrumb\":{\"@id\":\"https:\/\/artlogic.biz\/at\/impressum-artlogic-event-personal-management-gmbh-wien\/#breadcrumb\"},\"inLanguage\":\"de-AT\",\"potentialAction\":[{\"@type\":\"ReadAction\",\"target\":[\"https:\/\/artlogic.biz\/at\/impressum-artlogic-event-personal-management-gmbh-wien\/\"]}]},{\"@type\":\"BreadcrumbList\",\"@id\":\"https:\/\/artlogic.biz\/at\/impressum-artlogic-event-personal-management-gmbh-wien\/#breadcrumb\",\"itemListElement\":[{\"@type\":\"ListItem\",\"position\":1,\"name\":\"Home\",\"item\":\"https:\/\/artlogic.biz\/at\/\"},{\"@type\":\"ListItem\",\"position\":2,\"name\":\"Impressum\"}]},{\"@type\":\"WebSite\",\"@id\":\"https:\/\/artlogic.biz\/at\/#website\",\"url\":\"https:\/\/artlogic.biz\/at\/\",\"name\":\"artlogic\",\"description\":\"\",\"potentialAction\":[{\"@type\":\"SearchAction\",\"target\":{\"@type\":\"EntryPoint\",\"urlTemplate\":\"https:\/\/artlogic.biz\/at\/?s={search_term_string}\"},\"query-input\":{\"@type\":\"PropertyValueSpecification\",\"valueRequired\":true,\"valueName\":\"search_term_string\"}}],\"inLanguage\":\"de-AT\"}]}<\/script>\n<!-- \/ Yoast SEO plugin. -->","yoast_head_json":{"title":"Impressum - artlogic","description":"artlogic Event & Personal Management GmbH, Disposition, H\u00fctteldorfer Strasse 139\/G2, 1140 Wien, \u00d6sterreich","robots":{"index":"noindex","follow":"follow"},"og_locale":"de_DE","og_type":"article","og_title":"Impressum - artlogic","og_description":"artlogic Event & Personal Management GmbH, Disposition, H\u00fctteldorfer Strasse 139\/G2, 1140 Wien, \u00d6sterreich","og_url":"https:\/\/artlogic.biz\/at\/impressum-artlogic-event-personal-management-gmbh-wien\/","og_site_name":"artlogic","article_modified_time":"2024-03-26T16:31:26+00:00","twitter_card":"summary_large_image","twitter_misc":{"Gesch\u00e4tzte Lesezeit":"2 Minuten"},"schema":{"@context":"https:\/\/schema.org","@graph":[{"@type":"WebPage","@id":"https:\/\/artlogic.biz\/at\/impressum-artlogic-event-personal-management-gmbh-wien\/","url":"https:\/\/artlogic.biz\/at\/impressum-artlogic-event-personal-management-gmbh-wien\/","name":"Impressum - artlogic","isPartOf":{"@id":"https:\/\/artlogic.biz\/at\/#website"},"datePublished":"2016-09-07T11:06:33+00:00","dateModified":"2024-03-26T16:31:26+00:00","description":"artlogic Event & Personal Management GmbH, Disposition, H\u00fctteldorfer Strasse 139\/G2, 1140 Wien, \u00d6sterreich","breadcrumb":{"@id":"https:\/\/artlogic.biz\/at\/impressum-artlogic-event-personal-management-gmbh-wien\/#breadcrumb"},"inLanguage":"de-AT","potentialAction":[{"@type":"ReadAction","target":["https:\/\/artlogic.biz\/at\/impressum-artlogic-event-personal-management-gmbh-wien\/"]}]},{"@type":"BreadcrumbList","@id":"https:\/\/artlogic.biz\/at\/impressum-artlogic-event-personal-management-gmbh-wien\/#breadcrumb","itemListElement":[{"@type":"ListItem","position":1,"name":"Home","item":"https:\/\/artlogic.biz\/at\/"},{"@type":"ListItem","position":2,"name":"Impressum"}]},{"@type":"WebSite","@id":"https:\/\/artlogic.biz\/at\/#website","url":"https:\/\/artlogic.biz\/at\/","name":"artlogic","description":"","potentialAction":[{"@type":"SearchAction","target":{"@type":"EntryPoint","urlTemplate":"https:\/\/artlogic.biz\/at\/?s={search_term_string}"},"query-input":{"@type":"PropertyValueSpecification","valueRequired":true,"valueName":"search_term_string"}}],"inLanguage":"de-AT"}]}},"_links":{"self":[{"href":"https:\/\/artlogic.biz\/at\/wp-json\/wp\/v2\/pages\/3884","targetHints":{"allow":["GET"]}}],"collection":[{"href":"https:\/\/artlogic.biz\/at\/wp-json\/wp\/v2\/pages"}],"about":[{"href":"https:\/\/artlogic.biz\/at\/wp-json\/wp\/v2\/types\/page"}],"author":[{"embeddable":true,"href":"https:\/\/artlogic.biz\/at\/wp-json\/wp\/v2\/users\/1"}],"replies":[{"embeddable":true,"href":"https:\/\/artlogic.biz\/at\/wp-json\/wp\/v2\/comments?post=3884"}],"version-history":[{"count":12,"href":"https:\/\/artlogic.biz\/at\/wp-json\/wp\/v2\/pages\/3884\/revisions"}],"predecessor-version":[{"id":570690,"href":"https:\/\/artlogic.biz\/at\/wp-json\/wp\/v2\/pages\/3884\/revisions\/570690"}],"wp:attachment":[{"href":"https:\/\/artlogic.biz\/at\/wp-json\/wp\/v2\/media?parent=3884"}],"curies":[{"name":"wp","href":"https:\/\/api.w.org\/{rel}","templated":true}]}}